{"id":4308,"date":"2023-06-02T15:27:15","date_gmt":"2023-06-02T13:27:15","guid":{"rendered":"https:\/\/www.kuestenimmobilien.com\/urlaub\/?page_id=4308"},"modified":"2024-07-19T15:35:46","modified_gmt":"2024-07-19T13:35:46","slug":"karriere","status":"publish","type":"page","link":"https:\/\/www.kuestenimmobilien.com\/urlaub\/karriere\/","title":{"rendered":"Karriere"},"content":{"rendered":"\t\t<div data-elementor-type=\"wp-page\" data-elementor-id=\"4308\" class=\"elementor elementor-4308\" data-elementor-post-type=\"page\">\n\t\t\t\t<div class=\"elementor-element elementor-element-8a370df e-con-full e-flex e-con e-parent\" data-id=\"8a370df\" data-element_type=\"container\">\n\t\t\t\t<div class=\"elementor-element elementor-element-94f1c23 elementor-widget elementor-widget-template\" data-id=\"94f1c23\" data-element_type=\"widget\" data-widget_type=\"template.default\">\n\t\t\t\t<div class=\"elementor-widget-container\">\n\t\t\t\t\t\t\t<div class=\"elementor-template\">\n\t\t\t\t\t<div data-elementor-type=\"container\" data-elementor-id=\"3943\" class=\"elementor elementor-3943\" data-elementor-post-type=\"elementor_library\">\n\t\t\t\t<div class=\"elementor-element elementor-element-3495d1e5 e-flex e-con-boxed e-con e-parent\" data-id=\"3495d1e5\" data-element_type=\"container\" data-settings=\"{&quot;background_background&quot;:&quot;classic&quot;}\">\n\t\t\t\t\t<div class=\"e-con-inner\">\n\t\t\t\t<div class=\"elementor-element elementor-element-34e2a27a elementor-widget elementor-widget-heading\" data-id=\"34e2a27a\" data-element_type=\"widget\" data-widget_type=\"heading.default\">\n\t\t\t\t<div class=\"elementor-widget-container\">\n\t\t\t\t\t<h1 class=\"elementor-heading-title elementor-size-default\">Karriere<\/h1>\t\t\t\t<\/div>\n\t\t\t\t<\/div>\n\t\t\t\t\t<\/div>\n\t\t\t\t<\/div>\n\t\t\t\t<\/div>\n\t\t\t\t<\/div>\n\t\t\t\t\t\t<\/div>\n\t\t\t\t<\/div>\n\t\t\t\t<\/div>\n\t\t<div class=\"elementor-element elementor-element-8d80b96 e-flex e-con-boxed e-con e-parent\" data-id=\"8d80b96\" data-element_type=\"container\">\n\t\t\t\t\t<div class=\"e-con-inner\">\n\t\t<div class=\"elementor-element elementor-element-00e7359 e-flex e-con-boxed e-con e-child\" data-id=\"00e7359\" data-element_type=\"container\">\n\t\t\t\t\t<div class=\"e-con-inner\">\n\t\t\t\t<div class=\"elementor-element elementor-element-b8b08a6 elementor-widget elementor-widget-heading\" data-id=\"b8b08a6\" data-element_type=\"widget\" data-widget_type=\"heading.default\">\n\t\t\t\t<div class=\"elementor-widget-container\">\n\t\t\t\t\t<h2 class=\"elementor-heading-title elementor-size-default\">Aktuelle Stellenangebote<\/h2>\t\t\t\t<\/div>\n\t\t\t\t<\/div>\n\t\t\t\t<div class=\"elementor-element elementor-element-753a0ac elementor-widget elementor-widget-text-editor\" data-id=\"753a0ac\" data-element_type=\"widget\" data-widget_type=\"text-editor.default\">\n\t\t\t\t<div class=\"elementor-widget-container\">\n\t\t\t\t\t\t\t\t\t<h3>Reinigungskr\u00e4fte (m\/w\/d)<\/h3><p>Wir suchen Sie zur Unterst\u00fctzung in unserem Team. Das Wort \u201eTeam\u201c wird bei uns gro\u00dfgeschrieben. In uns finden Sie einen fairen Arbeitgeber welcher f\u00fcr fast alles mit Ihnen eine L\u00f6sung findet. Ob Teilzeit oder Vollzeit, unser Reinigungsteam freut sich \u00fcber jede tatkr\u00e4ftige Unterst\u00fctzung. Vorkenntnisse ben\u00f6tigen Sie bei uns keine, da wir Sie gerne einarbeiten. Sie bringen Motivation, Ausdauer und Teamgeist mit? Dann sind Sie bei uns genau richtig und wir freuen uns Sie kennenzulernen.<\/p><h5>\u00a0<\/h5><h5>Zum 01.08.2025 bieten wir die folgenden Ausbildungspl\u00e4tze an:<\/h5><h3>\u00a0<\/h3><h3>Kaufmann\/-frau f\u00fcr B\u00fcromanagement (m\/w\/d)<\/h3><div class=\"text\">Kaufleute f\u00fcr B\u00fcromanagement organisieren und bearbeiten b\u00fcrowirtschaftliche Aufgaben. Sie erledigen den internen und externen Schriftverkehr, entwerfen Pr\u00e4sentationen, beschaffen B\u00fcromaterial, planen und \u00fcberwachen Termine, bereiten Sitzungen vor und organisieren Dienstreisen.<\/div><div class=\"text\">Sie unterst\u00fctzen die Personaleinsatzplanung, bestellen Material und kaufen externe Dienstleistungen ein. Sie betreuen Kunden, wirken an der Auftragsabwicklung mit, schreiben Rechnungen und \u00fcberwachen den Zahlungseingang. Kaufleute im B\u00fcromanagement \u00fcbernehmen gegebenenfalls ebenfalls Aufgaben in Marketing und Vertrieb, in der \u00d6ffentlichkeitsarbeit und im Veranstaltungsmanagement sowie in der Personal- und Lagerwirtschaft.<\/div><div>\u00a0<\/div><div>Wir bieten Ihnen die M\u00f6glichkeit in gleich zwei B\u00fcros Erfahrungen zu sammeln. Unser Familienunternehmen besteht aus einem B\u00fcro f\u00fcr die Vermietung von Ferienobjekten und einem Immobilienb\u00fcro. Mit uns bekommen Sie einen fairen Ausbildungsbetrieb, welcher Sie in Ihrer Ausbildung tatkr\u00e4ftig unterst\u00fctzen wird.<\/div><div>\u00a0<\/div><div>Weitere Informationen \u00fcber die Ausbildung erhalten Sie bei der IHK Oldenburg \u00fcber den folgenden Link.<\/div><div>\u00a0<\/div><div><a href=\"https:\/\/www.ihk.de\/oldenburg\/geschaeftsfelder\/ausbildungweiterbildung\/ausbildung\/berufe-von-a-z\/kaufleute-fuer-bueromanagement-3346662\">https:\/\/www.ihk.de\/oldenburg\/geschaeftsfelder\/ausbildungweiterbildung\/ausbildung\/berufe-von-a-z\/kaufleute-fuer-bueromanagement-3346662<\/a><\/div><div>\u00a0<\/div>\t\t\t\t\t\t\t\t<\/div>\n\t\t\t\t<\/div>\n\t\t\t\t<div class=\"elementor-element elementor-element-c274b4c elementor-widget elementor-widget-text-editor\" data-id=\"c274b4c\" data-element_type=\"widget\" data-widget_type=\"text-editor.default\">\n\t\t\t\t<div class=\"elementor-widget-container\">\n\t\t\t\t\t\t\t\t\t<h6>Wir freuen uns auf engagierte und interessierte Bewerber. Alles Weitere k\u00f6nnen wir gerne in einem pers\u00f6nlichen Gespr\u00e4ch erl\u00e4utern.<\/h6><h6>Schriftliche Bewerbungen an: <a href=\"mailto:peters.andrea.franziska@gmail.com\">peters.andrea.franziska@gmail.com<\/a><\/h6><h6>Telefonische Bewerbungen unter: 04451 95 96 95<\/h6>\t\t\t\t\t\t\t\t<\/div>\n\t\t\t\t<\/div>\n\t\t\t\t\t<\/div>\n\t\t\t\t<\/div>\n\t\t<div class=\"elementor-element elementor-element-d9b7d32 e-con-full e-flex e-con e-child\" data-id=\"d9b7d32\" data-element_type=\"container\">\n\t\t\t\t<div class=\"elementor-element elementor-element-9167da7 elementor-widget elementor-widget-template\" data-id=\"9167da7\" data-element_type=\"widget\" data-widget_type=\"template.default\">\n\t\t\t\t<div class=\"elementor-widget-container\">\n\t\t\t\t\t\t\t<div class=\"elementor-template\">\n\t\t\t\t\t<div data-elementor-type=\"section\" data-elementor-id=\"28\" class=\"elementor elementor-28\" data-elementor-post-type=\"elementor_library\">\n\t\t\t<div class=\"elementor-element elementor-element-883e4a6 e-con-full e-flex e-con e-parent\" data-id=\"883e4a6\" data-element_type=\"container\" data-settings=\"{&quot;background_background&quot;:&quot;classic&quot;}\">\n\t\t<div class=\"elementor-element elementor-element-71cf677 e-flex e-con-boxed e-con e-child\" data-id=\"71cf677\" data-element_type=\"container\">\n\t\t\t\t\t<div class=\"e-con-inner\">\n\t\t\t\t<div class=\"elementor-element elementor-element-a3c563c elementor-widget elementor-widget-image\" data-id=\"a3c563c\" data-element_type=\"widget\" data-widget_type=\"image.default\">\n\t\t\t\t<div class=\"elementor-widget-container\">\n\t\t\t\t\t\t\t\t\t\t\t\t\t\t\t<img fetchpriority=\"high\" decoding=\"async\" width=\"800\" height=\"534\" src=\"https:\/\/www.kuestenimmobilien.com\/urlaub\/wp-content\/uploads\/2023\/04\/IMG_9840_zervoss-2-1024x683.jpg\" class=\"attachment-large size-large wp-image-3403\" alt=\"\" srcset=\"https:\/\/www.kuestenimmobilien.com\/urlaub\/wp-content\/uploads\/2023\/04\/IMG_9840_zervoss-2-1024x683.jpg 1024w, https:\/\/www.kuestenimmobilien.com\/urlaub\/wp-content\/uploads\/2023\/04\/IMG_9840_zervoss-2-300x200.jpg 300w, https:\/\/www.kuestenimmobilien.com\/urlaub\/wp-content\/uploads\/2023\/04\/IMG_9840_zervoss-2-768x512.jpg 768w, https:\/\/www.kuestenimmobilien.com\/urlaub\/wp-content\/uploads\/2023\/04\/IMG_9840_zervoss-2-1536x1024.jpg 1536w, https:\/\/www.kuestenimmobilien.com\/urlaub\/wp-content\/uploads\/2023\/04\/IMG_9840_zervoss-2.jpg 2048w\" sizes=\"(max-width: 800px) 100vw, 800px\" \/>\t\t\t\t\t\t\t\t\t\t\t\t\t\t\t<\/div>\n\t\t\t\t<\/div>\n\t\t\t\t\t<\/div>\n\t\t\t\t<\/div>\n\t\t<div class=\"elementor-element elementor-element-40f85aa e-con-full e-flex e-con e-child\" data-id=\"40f85aa\" data-element_type=\"container\">\n\t\t\t\t<div class=\"elementor-element elementor-element-a81ce09 elementor-widget elementor-widget-heading\" data-id=\"a81ce09\" data-element_type=\"widget\" data-widget_type=\"heading.default\">\n\t\t\t\t<div class=\"elementor-widget-container\">\n\t\t\t\t\t<h3 class=\"elementor-heading-title elementor-size-default\">Kontakt<\/h3>\t\t\t\t<\/div>\n\t\t\t\t<\/div>\n\t\t\t\t<div class=\"elementor-element elementor-element-f06215f elementor-widget elementor-widget-text-editor\" data-id=\"f06215f\" data-element_type=\"widget\" data-widget_type=\"text-editor.default\">\n\t\t\t\t<div class=\"elementor-widget-container\">\n\t\t\t\t\t\t\t\t\t<div class=\"page\" title=\"Page 15\"><div class=\"section\"><div class=\"layoutArea\"><div class=\"column\"><p>Fragen rund um Ihren Urlaub beantworten wir gerne telefonisch.<\/p><\/div><\/div><\/div><\/div>\t\t\t\t\t\t\t\t<\/div>\n\t\t\t\t<\/div>\n\t\t\t\t<div class=\"elementor-element elementor-element-599c238 elementor-align-left elementor-icon-list--layout-traditional elementor-list-item-link-full_width elementor-widget elementor-widget-icon-list\" data-id=\"599c238\" data-element_type=\"widget\" data-widget_type=\"icon-list.default\">\n\t\t\t\t<div class=\"elementor-widget-container\">\n\t\t\t\t\t\t\t<ul class=\"elementor-icon-list-items\">\n\t\t\t\t\t\t\t<li class=\"elementor-icon-list-item\">\n\t\t\t\t\t\t\t\t\t\t\t<span class=\"elementor-icon-list-icon\">\n\t\t\t\t\t\t\t<i aria-hidden=\"true\" class=\"far fa-phone\"><\/i>\t\t\t\t\t\t<\/span>\n\t\t\t\t\t\t\t\t\t\t<span class=\"elementor-icon-list-text\">Telefon<\/span>\n\t\t\t\t\t\t\t\t\t<\/li>\n\t\t\t\t\t\t<\/ul>\n\t\t\t\t\t\t<\/div>\n\t\t\t\t<\/div>\n\t\t\t\t<div class=\"elementor-element elementor-element-6eb8786 no-margin-bottom a-col elementor-widget elementor-widget-text-editor\" data-id=\"6eb8786\" data-element_type=\"widget\" data-widget_type=\"text-editor.default\">\n\t\t\t\t<div class=\"elementor-widget-container\">\n\t\t\t\t\t\t\t\t\t<p><a href=\"tel:+494451959695\">+49 (0)4451 959 695<\/a><\/p>\t\t\t\t\t\t\t\t<\/div>\n\t\t\t\t<\/div>\n\t\t\t\t<div class=\"elementor-element elementor-element-24befbd elementor-align-left elementor-icon-list--layout-traditional elementor-list-item-link-full_width elementor-widget elementor-widget-icon-list\" data-id=\"24befbd\" data-element_type=\"widget\" data-widget_type=\"icon-list.default\">\n\t\t\t\t<div class=\"elementor-widget-container\">\n\t\t\t\t\t\t\t<ul class=\"elementor-icon-list-items\">\n\t\t\t\t\t\t\t<li class=\"elementor-icon-list-item\">\n\t\t\t\t\t\t\t\t\t\t\t<span class=\"elementor-icon-list-icon\">\n\t\t\t\t\t\t\t<i aria-hidden=\"true\" class=\"far fa-envelope\"><\/i>\t\t\t\t\t\t<\/span>\n\t\t\t\t\t\t\t\t\t\t<span class=\"elementor-icon-list-text\">E-Mail<\/span>\n\t\t\t\t\t\t\t\t\t<\/li>\n\t\t\t\t\t\t<\/ul>\n\t\t\t\t\t\t<\/div>\n\t\t\t\t<\/div>\n\t\t\t\t<div class=\"elementor-element elementor-element-db7aaf7 no-margin-bottom a-col elementor-widget elementor-widget-text-editor\" data-id=\"db7aaf7\" data-element_type=\"widget\" data-widget_type=\"text-editor.default\">\n\t\t\t\t<div class=\"elementor-widget-container\">\n\t\t\t\t\t\t\t\t\t<p><a href=\"mailto:info@kuestenimmobilien.com\">info@kuestenimmobilien.com<\/a><\/p>\t\t\t\t\t\t\t\t<\/div>\n\t\t\t\t<\/div>\n\t\t\t\t<\/div>\n\t\t\t\t<\/div>\n\t\t\t\t<\/div>\n\t\t\t\t<\/div>\n\t\t\t\t\t\t<\/div>\n\t\t\t\t<\/div>\n\t\t\t\t<\/div>\n\t\t\t\t\t<\/div>\n\t\t\t\t<\/div>\n\t\t\t\t<\/div>\n\t\t","protected":false},"excerpt":{"rendered":"<p>Aktuelle Stellenangebote Reinigungskr\u00e4fte (m\/w\/d) Wir suchen Sie zur Unterst\u00fctzung in unserem Team. Das Wort \u201eTeam\u201c wird bei uns gro\u00dfgeschrieben. In uns finden Sie einen fairen Arbeitgeber welcher f\u00fcr fast alles mit Ihnen eine L\u00f6sung findet. Ob Teilzeit oder Vollzeit, unser Reinigungsteam freut sich \u00fcber jede tatkr\u00e4ftige Unterst\u00fctzung. Vorkenntnisse ben\u00f6tigen Sie bei uns keine, da wir [&hellip;]<\/p>\n","protected":false},"author":1,"featured_media":4976,"parent":0,"menu_order":0,"comment_status":"closed","ping_status":"closed","template":"","meta":{"_acf_changed":false,"footnotes":""},"class_list":["post-4308","page","type-page","status-publish","has-post-thumbnail","hentry"],"acf":[],"yoast_head":"<!-- This site is optimized with the Yoast SEO plugin v25.1 - https:\/\/yoast.com\/wordpress\/plugins\/seo\/ -->\n<title>Karriere - K\u00fcsten Immobilien Dangast<\/title>\n<meta name=\"description\" content=\"Aktuelle Stellenausschreibungen und Informationen f\u00fcr Ihre Karriere bei K\u00fcsten Immobilien im Nordseebad Dangast.\" \/>\n<meta name=\"robots\" content=\"index, follow, max-snippet:-1, max-image-preview:large, max-video-preview:-1\" \/>\n<link rel=\"canonical\" href=\"https:\/\/www.kuestenimmobilien.com\/urlaub\/karriere\/\" \/>\n<meta property=\"og:locale\" content=\"de_DE\" \/>\n<meta property=\"og:type\" content=\"article\" \/>\n<meta property=\"og:title\" content=\"Karriere - K\u00fcsten Immobilien Dangast\" \/>\n<meta property=\"og:description\" content=\"Aktuelle Stellenausschreibungen und Informationen f\u00fcr Ihre Karriere bei K\u00fcsten Immobilien im Nordseebad Dangast.\" \/>\n<meta property=\"og:url\" content=\"https:\/\/www.kuestenimmobilien.com\/urlaub\/karriere\/\" \/>\n<meta property=\"og:site_name\" content=\"K\u00fcsten Immobilien Dangast\" \/>\n<meta property=\"article:modified_time\" content=\"2024-07-19T13:35:46+00:00\" \/>\n<meta property=\"og:image\" content=\"https:\/\/www.kuestenimmobilien.com\/urlaub\/wp-content\/uploads\/2023\/06\/Karriere-Bewerbung.jpg\" \/>\n\t<meta property=\"og:image:width\" content=\"2134\" \/>\n\t<meta property=\"og:image:height\" content=\"1200\" \/>\n\t<meta property=\"og:image:type\" content=\"image\/jpeg\" \/>\n<meta name=\"twitter:card\" content=\"summary_large_image\" \/>\n<meta name=\"twitter:label1\" content=\"Gesch\u00e4tzte Lesezeit\" \/>\n\t<meta name=\"twitter:data1\" content=\"4\u00a0Minuten\" \/>\n<script type=\"application\/ld+json\" class=\"yoast-schema-graph\">{\"@context\":\"https:\/\/schema.org\",\"@graph\":[{\"@type\":\"WebPage\",\"@id\":\"https:\/\/www.kuestenimmobilien.com\/urlaub\/karriere\/\",\"url\":\"https:\/\/www.kuestenimmobilien.com\/urlaub\/karriere\/\",\"name\":\"Karriere - K\u00fcsten Immobilien Dangast\",\"isPartOf\":{\"@id\":\"https:\/\/www.kuestenimmobilien.com\/urlaub\/#website\"},\"primaryImageOfPage\":{\"@id\":\"https:\/\/www.kuestenimmobilien.com\/urlaub\/karriere\/#primaryimage\"},\"image\":{\"@id\":\"https:\/\/www.kuestenimmobilien.com\/urlaub\/karriere\/#primaryimage\"},\"thumbnailUrl\":\"https:\/\/www.kuestenimmobilien.com\/urlaub\/wp-content\/uploads\/2023\/06\/Karriere-Bewerbung.jpg\",\"datePublished\":\"2023-06-02T13:27:15+00:00\",\"dateModified\":\"2024-07-19T13:35:46+00:00\",\"description\":\"Aktuelle Stellenausschreibungen und Informationen f\u00fcr Ihre Karriere bei K\u00fcsten Immobilien im Nordseebad Dangast.\",\"breadcrumb\":{\"@id\":\"https:\/\/www.kuestenimmobilien.com\/urlaub\/karriere\/#breadcrumb\"},\"inLanguage\":\"de\",\"potentialAction\":[{\"@type\":\"ReadAction\",\"target\":[\"https:\/\/www.kuestenimmobilien.com\/urlaub\/karriere\/\"]}]},{\"@type\":\"ImageObject\",\"inLanguage\":\"de\",\"@id\":\"https:\/\/www.kuestenimmobilien.com\/urlaub\/karriere\/#primaryimage\",\"url\":\"https:\/\/www.kuestenimmobilien.com\/urlaub\/wp-content\/uploads\/2023\/06\/Karriere-Bewerbung.jpg\",\"contentUrl\":\"https:\/\/www.kuestenimmobilien.com\/urlaub\/wp-content\/uploads\/2023\/06\/Karriere-Bewerbung.jpg\",\"width\":2134,\"height\":1200},{\"@type\":\"BreadcrumbList\",\"@id\":\"https:\/\/www.kuestenimmobilien.com\/urlaub\/karriere\/#breadcrumb\",\"itemListElement\":[{\"@type\":\"ListItem\",\"position\":1,\"name\":\"Startseite\",\"item\":\"https:\/\/www.kuestenimmobilien.com\/urlaub\/\"},{\"@type\":\"ListItem\",\"position\":2,\"name\":\"Karriere\"}]},{\"@type\":\"WebSite\",\"@id\":\"https:\/\/www.kuestenimmobilien.com\/urlaub\/#website\",\"url\":\"https:\/\/www.kuestenimmobilien.com\/urlaub\/\",\"name\":\"K\u00fcsten Immobilien Dangast\",\"description\":\"\",\"publisher\":{\"@id\":\"https:\/\/www.kuestenimmobilien.com\/urlaub\/#organization\"},\"potentialAction\":[{\"@type\":\"SearchAction\",\"target\":{\"@type\":\"EntryPoint\",\"urlTemplate\":\"https:\/\/www.kuestenimmobilien.com\/urlaub\/?s={search_term_string}\"},\"query-input\":{\"@type\":\"PropertyValueSpecification\",\"valueRequired\":true,\"valueName\":\"search_term_string\"}}],\"inLanguage\":\"de\"},{\"@type\":\"Organization\",\"@id\":\"https:\/\/www.kuestenimmobilien.com\/urlaub\/#organization\",\"name\":\"K\u00fcsten Immobilien Dangast\",\"url\":\"https:\/\/www.kuestenimmobilien.com\/urlaub\/\",\"logo\":{\"@type\":\"ImageObject\",\"inLanguage\":\"de\",\"@id\":\"https:\/\/www.kuestenimmobilien.com\/urlaub\/#\/schema\/logo\/image\/\",\"url\":\"https:\/\/www.kuestenimmobilien.com\/urlaub\/wp-content\/uploads\/2023\/04\/Logo_Kuestenimmobilien_2_Positiv.svg\",\"contentUrl\":\"https:\/\/www.kuestenimmobilien.com\/urlaub\/wp-content\/uploads\/2023\/04\/Logo_Kuestenimmobilien_2_Positiv.svg\",\"caption\":\"K\u00fcsten Immobilien Dangast\"},\"image\":{\"@id\":\"https:\/\/www.kuestenimmobilien.com\/urlaub\/#\/schema\/logo\/image\/\"}}]}<\/script>\n<!-- \/ Yoast SEO plugin. -->","yoast_head_json":{"title":"Karriere - K\u00fcsten Immobilien Dangast","description":"Aktuelle Stellenausschreibungen und Informationen f\u00fcr Ihre Karriere bei K\u00fcsten Immobilien im Nordseebad Dangast.","robots":{"index":"index","follow":"follow","max-snippet":"max-snippet:-1","max-image-preview":"max-image-preview:large","max-video-preview":"max-video-preview:-1"},"canonical":"https:\/\/www.kuestenimmobilien.com\/urlaub\/karriere\/","og_locale":"de_DE","og_type":"article","og_title":"Karriere - K\u00fcsten Immobilien Dangast","og_description":"Aktuelle Stellenausschreibungen und Informationen f\u00fcr Ihre Karriere bei K\u00fcsten Immobilien im Nordseebad Dangast.","og_url":"https:\/\/www.kuestenimmobilien.com\/urlaub\/karriere\/","og_site_name":"K\u00fcsten Immobilien Dangast","article_modified_time":"2024-07-19T13:35:46+00:00","og_image":[{"width":2134,"height":1200,"url":"https:\/\/www.kuestenimmobilien.com\/urlaub\/wp-content\/uploads\/2023\/06\/Karriere-Bewerbung.jpg","type":"image\/jpeg"}],"twitter_card":"summary_large_image","twitter_misc":{"Gesch\u00e4tzte Lesezeit":"4\u00a0Minuten"},"schema":{"@context":"https:\/\/schema.org","@graph":[{"@type":"WebPage","@id":"https:\/\/www.kuestenimmobilien.com\/urlaub\/karriere\/","url":"https:\/\/www.kuestenimmobilien.com\/urlaub\/karriere\/","name":"Karriere - K\u00fcsten Immobilien Dangast","isPartOf":{"@id":"https:\/\/www.kuestenimmobilien.com\/urlaub\/#website"},"primaryImageOfPage":{"@id":"https:\/\/www.kuestenimmobilien.com\/urlaub\/karriere\/#primaryimage"},"image":{"@id":"https:\/\/www.kuestenimmobilien.com\/urlaub\/karriere\/#primaryimage"},"thumbnailUrl":"https:\/\/www.kuestenimmobilien.com\/urlaub\/wp-content\/uploads\/2023\/06\/Karriere-Bewerbung.jpg","datePublished":"2023-06-02T13:27:15+00:00","dateModified":"2024-07-19T13:35:46+00:00","description":"Aktuelle Stellenausschreibungen und Informationen f\u00fcr Ihre Karriere bei K\u00fcsten Immobilien im Nordseebad Dangast.","breadcrumb":{"@id":"https:\/\/www.kuestenimmobilien.com\/urlaub\/karriere\/#breadcrumb"},"inLanguage":"de","potentialAction":[{"@type":"ReadAction","target":["https:\/\/www.kuestenimmobilien.com\/urlaub\/karriere\/"]}]},{"@type":"ImageObject","inLanguage":"de","@id":"https:\/\/www.kuestenimmobilien.com\/urlaub\/karriere\/#primaryimage","url":"https:\/\/www.kuestenimmobilien.com\/urlaub\/wp-content\/uploads\/2023\/06\/Karriere-Bewerbung.jpg","contentUrl":"https:\/\/www.kuestenimmobilien.com\/urlaub\/wp-content\/uploads\/2023\/06\/Karriere-Bewerbung.jpg","width":2134,"height":1200},{"@type":"BreadcrumbList","@id":"https:\/\/www.kuestenimmobilien.com\/urlaub\/karriere\/#breadcrumb","itemListElement":[{"@type":"ListItem","position":1,"name":"Startseite","item":"https:\/\/www.kuestenimmobilien.com\/urlaub\/"},{"@type":"ListItem","position":2,"name":"Karriere"}]},{"@type":"WebSite","@id":"https:\/\/www.kuestenimmobilien.com\/urlaub\/#website","url":"https:\/\/www.kuestenimmobilien.com\/urlaub\/","name":"K\u00fcsten Immobilien Dangast","description":"","publisher":{"@id":"https:\/\/www.kuestenimmobilien.com\/urlaub\/#organization"},"potentialAction":[{"@type":"SearchAction","target":{"@type":"EntryPoint","urlTemplate":"https:\/\/www.kuestenimmobilien.com\/urlaub\/?s={search_term_string}"},"query-input":{"@type":"PropertyValueSpecification","valueRequired":true,"valueName":"search_term_string"}}],"inLanguage":"de"},{"@type":"Organization","@id":"https:\/\/www.kuestenimmobilien.com\/urlaub\/#organization","name":"K\u00fcsten Immobilien Dangast","url":"https:\/\/www.kuestenimmobilien.com\/urlaub\/","logo":{"@type":"ImageObject","inLanguage":"de","@id":"https:\/\/www.kuestenimmobilien.com\/urlaub\/#\/schema\/logo\/image\/","url":"https:\/\/www.kuestenimmobilien.com\/urlaub\/wp-content\/uploads\/2023\/04\/Logo_Kuestenimmobilien_2_Positiv.svg","contentUrl":"https:\/\/www.kuestenimmobilien.com\/urlaub\/wp-content\/uploads\/2023\/04\/Logo_Kuestenimmobilien_2_Positiv.svg","caption":"K\u00fcsten Immobilien Dangast"},"image":{"@id":"https:\/\/www.kuestenimmobilien.com\/urlaub\/#\/schema\/logo\/image\/"}}]}},"_links":{"self":[{"href":"https:\/\/www.kuestenimmobilien.com\/urlaub\/wp-json\/wp\/v2\/pages\/4308","targetHints":{"allow":["GET"]}}],"collection":[{"href":"https:\/\/www.kuestenimmobilien.com\/urlaub\/wp-json\/wp\/v2\/pages"}],"about":[{"href":"https:\/\/www.kuestenimmobilien.com\/urlaub\/wp-json\/wp\/v2\/types\/page"}],"author":[{"embeddable":true,"href":"https:\/\/www.kuestenimmobilien.com\/urlaub\/wp-json\/wp\/v2\/users\/1"}],"replies":[{"embeddable":true,"href":"https:\/\/www.kuestenimmobilien.com\/urlaub\/wp-json\/wp\/v2\/comments?post=4308"}],"version-history":[{"count":30,"href":"https:\/\/www.kuestenimmobilien.com\/urlaub\/wp-json\/wp\/v2\/pages\/4308\/revisions"}],"predecessor-version":[{"id":6572,"href":"https:\/\/www.kuestenimmobilien.com\/urlaub\/wp-json\/wp\/v2\/pages\/4308\/revisions\/6572"}],"wp:featuredmedia":[{"embeddable":true,"href":"https:\/\/www.kuestenimmobilien.com\/urlaub\/wp-json\/wp\/v2\/media\/4976"}],"wp:attachment":[{"href":"https:\/\/www.kuestenimmobilien.com\/urlaub\/wp-json\/wp\/v2\/media?parent=4308"}],"curies":[{"name":"wp","href":"https:\/\/api.w.org\/{rel}","templated":true}]}}