{"id":143,"date":"2023-04-21T13:07:34","date_gmt":"2023-04-21T11:07:34","guid":{"rendered":"https:\/\/www.kuestenimmobilien.com\/urlaub\/?page_id=143"},"modified":"2023-06-27T16:29:24","modified_gmt":"2023-06-27T14:29:24","slug":"reiseversicherung","status":"publish","type":"page","link":"https:\/\/www.kuestenimmobilien.com\/urlaub\/reiseversicherung\/","title":{"rendered":"Reiseversicherung"},"content":{"rendered":"\t\t<div data-elementor-type=\"wp-page\" data-elementor-id=\"143\" class=\"elementor elementor-143\" data-elementor-post-type=\"page\">\n\t\t\t\t<div class=\"elementor-element elementor-element-e1ce067 e-con-full e-flex e-con e-parent\" data-id=\"e1ce067\" data-element_type=\"container\">\n\t\t\t\t<div class=\"elementor-element elementor-element-4dd5946 elementor-widget elementor-widget-template\" data-id=\"4dd5946\" data-element_type=\"widget\" data-widget_type=\"template.default\">\n\t\t\t\t<div class=\"elementor-widget-container\">\n\t\t\t\t\t\t\t<div class=\"elementor-template\">\n\t\t\t\t\t<div data-elementor-type=\"container\" data-elementor-id=\"3943\" class=\"elementor elementor-3943\" data-elementor-post-type=\"elementor_library\">\n\t\t\t\t<div class=\"elementor-element elementor-element-3495d1e5 e-flex e-con-boxed e-con e-parent\" data-id=\"3495d1e5\" data-element_type=\"container\" data-settings=\"{&quot;background_background&quot;:&quot;classic&quot;}\">\n\t\t\t\t\t<div class=\"e-con-inner\">\n\t\t\t\t<div class=\"elementor-element elementor-element-34e2a27a elementor-widget elementor-widget-heading\" data-id=\"34e2a27a\" data-element_type=\"widget\" data-widget_type=\"heading.default\">\n\t\t\t\t<div class=\"elementor-widget-container\">\n\t\t\t\t\t<h1 class=\"elementor-heading-title elementor-size-default\">Reiseversicherung<\/h1>\t\t\t\t<\/div>\n\t\t\t\t<\/div>\n\t\t\t\t\t<\/div>\n\t\t\t\t<\/div>\n\t\t\t\t<\/div>\n\t\t\t\t<\/div>\n\t\t\t\t\t\t<\/div>\n\t\t\t\t<\/div>\n\t\t\t\t<\/div>\n\t\t<div class=\"elementor-element elementor-element-f6f950b e-flex e-con-boxed e-con e-parent\" data-id=\"f6f950b\" data-element_type=\"container\">\n\t\t\t\t\t<div class=\"e-con-inner\">\n\t\t<div class=\"elementor-element elementor-element-fe0313a e-flex e-con-boxed e-con e-child\" data-id=\"fe0313a\" data-element_type=\"container\">\n\t\t\t\t\t<div class=\"e-con-inner\">\n\t\t\t\t<div class=\"elementor-element elementor-element-ac6fe94 elementor-widget elementor-widget-heading\" data-id=\"ac6fe94\" data-element_type=\"widget\" data-widget_type=\"heading.default\">\n\t\t\t\t<div class=\"elementor-widget-container\">\n\t\t\t\t\t<h2 class=\"elementor-heading-title elementor-size-default\">Reiseversicherung\nUnsere Empfehlung\n<\/h2>\t\t\t\t<\/div>\n\t\t\t\t<\/div>\n\t\t\t\t<div class=\"elementor-element elementor-element-1aefd29 elementor-widget elementor-widget-text-editor\" data-id=\"1aefd29\" data-element_type=\"widget\" data-widget_type=\"text-editor.default\">\n\t\t\t\t<div class=\"elementor-widget-container\">\n\t\t\t\t\t\t\t\t\t<div class=\"ce_text textbox first block\"><div class=\"elementor-element elementor-element-39bba071 elementor-widget elementor-widget-text-editor\" data-id=\"39bba071\" data-element_type=\"widget\" data-widget_type=\"text-editor.default\"><div class=\"elementor-widget-container\"><p>Damit Sie bei Stornierung oder Abbruch Ihres Urlaubs aufgrund von Erkrankung, Unfall oder Arbeitslosigkeit \u2013 auch innerhalb der Familie \u2013 m\u00f6gliche finanzielle Verluste ersetzt bekommen, empfehlen wir Ihnen die Produkte unseres Partners HanseMerkur Reiseversicherung, dem Marktf\u00fchrer unter den Reiseversicherern in Deutschland.<\/p><\/div><\/div><\/div>\t\t\t\t\t\t\t\t<\/div>\n\t\t\t\t<\/div>\n\t\t<div class=\"elementor-element elementor-element-7b500ee e-flex e-con-boxed e-con e-child\" data-id=\"7b500ee\" data-element_type=\"container\">\n\t\t\t\t\t<div class=\"e-con-inner\">\n\t\t\t\t<div class=\"elementor-element elementor-element-82dcb38 elementor-widget elementor-widget-image\" data-id=\"82dcb38\" data-element_type=\"widget\" data-widget_type=\"image.default\">\n\t\t\t\t<div class=\"elementor-widget-container\">\n\t\t\t\t\t\t\t\t\t\t\t\t\t\t\t<img fetchpriority=\"high\" decoding=\"async\" width=\"800\" height=\"380\" src=\"https:\/\/www.kuestenimmobilien.com\/urlaub\/wp-content\/uploads\/2023\/06\/HM_Logo_Zentriert_Standard_RGB-1024x487.jpg\" class=\"attachment-large size-large wp-image-4298\" alt=\"\" srcset=\"https:\/\/www.kuestenimmobilien.com\/urlaub\/wp-content\/uploads\/2023\/06\/HM_Logo_Zentriert_Standard_RGB-1024x487.jpg 1024w, https:\/\/www.kuestenimmobilien.com\/urlaub\/wp-content\/uploads\/2023\/06\/HM_Logo_Zentriert_Standard_RGB-300x143.jpg 300w, https:\/\/www.kuestenimmobilien.com\/urlaub\/wp-content\/uploads\/2023\/06\/HM_Logo_Zentriert_Standard_RGB-768x365.jpg 768w, https:\/\/www.kuestenimmobilien.com\/urlaub\/wp-content\/uploads\/2023\/06\/HM_Logo_Zentriert_Standard_RGB.jpg 1500w\" sizes=\"(max-width: 800px) 100vw, 800px\" \/>\t\t\t\t\t\t\t\t\t\t\t\t\t\t\t<\/div>\n\t\t\t\t<\/div>\n\t\t\t\t<div class=\"elementor-element elementor-element-c1893bb elementor-widget elementor-widget-button\" data-id=\"c1893bb\" data-element_type=\"widget\" data-widget_type=\"button.default\">\n\t\t\t\t<div class=\"elementor-widget-container\">\n\t\t\t\t\t\t\t\t\t<div class=\"elementor-button-wrapper\">\n\t\t\t\t\t<a class=\"elementor-button elementor-button-link elementor-size-sm\" href=\"https:\/\/secure.hmrv.de\/rvw-ba\/initBa.jsp?baid=70&#038;adnr=4118998&#038;locale=de_DE&#038;wt=POPUP\" target=\"_blank\">\n\t\t\t\t\t\t<span class=\"elementor-button-content-wrapper\">\n\t\t\t\t\t\t\t\t\t<span class=\"elementor-button-text\">Jetzt Reiseschutz abschlie\u00dfen<\/span>\n\t\t\t\t\t<\/span>\n\t\t\t\t\t<\/a>\n\t\t\t\t<\/div>\n\t\t\t\t\t\t\t\t<\/div>\n\t\t\t\t<\/div>\n\t\t\t\t\t<\/div>\n\t\t\t\t<\/div>\n\t\t\t\t<div class=\"elementor-element elementor-element-57c68f2 elementor-widget elementor-widget-spacer\" data-id=\"57c68f2\" data-element_type=\"widget\" data-widget_type=\"spacer.default\">\n\t\t\t\t<div class=\"elementor-widget-container\">\n\t\t\t\t\t\t\t<div class=\"elementor-spacer\">\n\t\t\t<div class=\"elementor-spacer-inner\"><\/div>\n\t\t<\/div>\n\t\t\t\t\t\t<\/div>\n\t\t\t\t<\/div>\n\t\t\t\t<div class=\"elementor-element elementor-element-ec17109 elementor-widget elementor-widget-heading\" data-id=\"ec17109\" data-element_type=\"widget\" data-widget_type=\"heading.default\">\n\t\t\t\t<div class=\"elementor-widget-container\">\n\t\t\t\t\t<h2 class=\"elementor-heading-title elementor-size-default\">Ihre Leistungen<\/h2>\t\t\t\t<\/div>\n\t\t\t\t<\/div>\n\t\t\t\t<div class=\"elementor-element elementor-element-d6527fd elementor-icon-list--layout-traditional elementor-list-item-link-full_width elementor-widget elementor-widget-icon-list\" data-id=\"d6527fd\" data-element_type=\"widget\" data-widget_type=\"icon-list.default\">\n\t\t\t\t<div class=\"elementor-widget-container\">\n\t\t\t\t\t\t\t<ul class=\"elementor-icon-list-items\">\n\t\t\t\t\t\t\t<li class=\"elementor-icon-list-item\">\n\t\t\t\t\t\t\t\t\t\t\t<span class=\"elementor-icon-list-icon\">\n\t\t\t\t\t\t\t<i aria-hidden=\"true\" class=\"fas fa-check-circle\"><\/i>\t\t\t\t\t\t<\/span>\n\t\t\t\t\t\t\t\t\t\t<span class=\"elementor-icon-list-text\">Reisestornierung<\/span>\n\t\t\t\t\t\t\t\t\t<\/li>\n\t\t\t\t\t\t\t\t<li class=\"elementor-icon-list-item\">\n\t\t\t\t\t\t\t\t\t\t\t<span class=\"elementor-icon-list-icon\">\n\t\t\t\t\t\t\t<i aria-hidden=\"true\" class=\"fas fa-check-circle\"><\/i>\t\t\t\t\t\t<\/span>\n\t\t\t\t\t\t\t\t\t\t<span class=\"elementor-icon-list-text\">Umbuchung<\/span>\n\t\t\t\t\t\t\t\t\t<\/li>\n\t\t\t\t\t\t\t\t<li class=\"elementor-icon-list-item\">\n\t\t\t\t\t\t\t\t\t\t\t<span class=\"elementor-icon-list-icon\">\n\t\t\t\t\t\t\t<i aria-hidden=\"true\" class=\"fas fa-check-circle\"><\/i>\t\t\t\t\t\t<\/span>\n\t\t\t\t\t\t\t\t\t\t<span class=\"elementor-icon-list-text\">Versp\u00e4tete Anreise<\/span>\n\t\t\t\t\t\t\t\t\t<\/li>\n\t\t\t\t\t\t\t\t<li class=\"elementor-icon-list-item\">\n\t\t\t\t\t\t\t\t\t\t\t<span class=\"elementor-icon-list-icon\">\n\t\t\t\t\t\t\t<i aria-hidden=\"true\" class=\"fas fa-check-circle\"><\/i>\t\t\t\t\t\t<\/span>\n\t\t\t\t\t\t\t\t\t\t<span class=\"elementor-icon-list-text\">Reiseabbruch<\/span>\n\t\t\t\t\t\t\t\t\t<\/li>\n\t\t\t\t\t\t\t\t<li class=\"elementor-icon-list-item\">\n\t\t\t\t\t\t\t\t\t\t\t<span class=\"elementor-icon-list-icon\">\n\t\t\t\t\t\t\t<i aria-hidden=\"true\" class=\"fas fa-check-circle\"><\/i>\t\t\t\t\t\t<\/span>\n\t\t\t\t\t\t\t\t\t\t<span class=\"elementor-icon-list-text\">Reiseunterbrechung<\/span>\n\t\t\t\t\t\t\t\t\t<\/li>\n\t\t\t\t\t\t\t\t<li class=\"elementor-icon-list-item\">\n\t\t\t\t\t\t\t\t\t\t\t<span class=\"elementor-icon-list-icon\">\n\t\t\t\t\t\t\t<i aria-hidden=\"true\" class=\"fas fa-check-circle\"><\/i>\t\t\t\t\t\t<\/span>\n\t\t\t\t\t\t\t\t\t\t<span class=\"elementor-icon-list-text\">Versp\u00e4tete R\u00fcckreise<\/span>\n\t\t\t\t\t\t\t\t\t<\/li>\n\t\t\t\t\t\t<\/ul>\n\t\t\t\t\t\t<\/div>\n\t\t\t\t<\/div>\n\t\t\t\t\t<\/div>\n\t\t\t\t<\/div>\n\t\t<div class=\"elementor-element elementor-element-8db57a5 e-con-full e-flex e-con e-child\" data-id=\"8db57a5\" data-element_type=\"container\">\n\t\t\t\t<div class=\"elementor-element elementor-element-99137d5 elementor-widget elementor-widget-template\" data-id=\"99137d5\" data-element_type=\"widget\" data-widget_type=\"template.default\">\n\t\t\t\t<div class=\"elementor-widget-container\">\n\t\t\t\t\t\t\t<div class=\"elementor-template\">\n\t\t\t\t\t<div data-elementor-type=\"section\" data-elementor-id=\"28\" class=\"elementor elementor-28\" data-elementor-post-type=\"elementor_library\">\n\t\t\t<div class=\"elementor-element elementor-element-883e4a6 e-con-full e-flex e-con e-parent\" data-id=\"883e4a6\" data-element_type=\"container\" data-settings=\"{&quot;background_background&quot;:&quot;classic&quot;}\">\n\t\t<div class=\"elementor-element elementor-element-71cf677 e-flex e-con-boxed e-con e-child\" data-id=\"71cf677\" data-element_type=\"container\">\n\t\t\t\t\t<div class=\"e-con-inner\">\n\t\t\t\t<div class=\"elementor-element elementor-element-a3c563c elementor-widget elementor-widget-image\" data-id=\"a3c563c\" data-element_type=\"widget\" data-widget_type=\"image.default\">\n\t\t\t\t<div class=\"elementor-widget-container\">\n\t\t\t\t\t\t\t\t\t\t\t\t\t\t\t<img decoding=\"async\" width=\"800\" height=\"534\" src=\"https:\/\/www.kuestenimmobilien.com\/urlaub\/wp-content\/uploads\/2023\/04\/IMG_9840_zervoss-2-1024x683.jpg\" class=\"attachment-large size-large wp-image-3403\" alt=\"\" srcset=\"https:\/\/www.kuestenimmobilien.com\/urlaub\/wp-content\/uploads\/2023\/04\/IMG_9840_zervoss-2-1024x683.jpg 1024w, https:\/\/www.kuestenimmobilien.com\/urlaub\/wp-content\/uploads\/2023\/04\/IMG_9840_zervoss-2-300x200.jpg 300w, https:\/\/www.kuestenimmobilien.com\/urlaub\/wp-content\/uploads\/2023\/04\/IMG_9840_zervoss-2-768x512.jpg 768w, https:\/\/www.kuestenimmobilien.com\/urlaub\/wp-content\/uploads\/2023\/04\/IMG_9840_zervoss-2-1536x1024.jpg 1536w, https:\/\/www.kuestenimmobilien.com\/urlaub\/wp-content\/uploads\/2023\/04\/IMG_9840_zervoss-2.jpg 2048w\" sizes=\"(max-width: 800px) 100vw, 800px\" \/>\t\t\t\t\t\t\t\t\t\t\t\t\t\t\t<\/div>\n\t\t\t\t<\/div>\n\t\t\t\t\t<\/div>\n\t\t\t\t<\/div>\n\t\t<div class=\"elementor-element elementor-element-40f85aa e-con-full e-flex e-con e-child\" data-id=\"40f85aa\" data-element_type=\"container\">\n\t\t\t\t<div class=\"elementor-element elementor-element-a81ce09 elementor-widget elementor-widget-heading\" data-id=\"a81ce09\" data-element_type=\"widget\" data-widget_type=\"heading.default\">\n\t\t\t\t<div class=\"elementor-widget-container\">\n\t\t\t\t\t<h3 class=\"elementor-heading-title elementor-size-default\">Kontakt<\/h3>\t\t\t\t<\/div>\n\t\t\t\t<\/div>\n\t\t\t\t<div class=\"elementor-element elementor-element-f06215f elementor-widget elementor-widget-text-editor\" data-id=\"f06215f\" data-element_type=\"widget\" data-widget_type=\"text-editor.default\">\n\t\t\t\t<div class=\"elementor-widget-container\">\n\t\t\t\t\t\t\t\t\t<div class=\"page\" title=\"Page 15\"><div class=\"section\"><div class=\"layoutArea\"><div class=\"column\"><p>Fragen rund um Ihren Urlaub beantworten wir gerne telefonisch.<\/p><\/div><\/div><\/div><\/div>\t\t\t\t\t\t\t\t<\/div>\n\t\t\t\t<\/div>\n\t\t\t\t<div class=\"elementor-element elementor-element-599c238 elementor-align-left elementor-icon-list--layout-traditional elementor-list-item-link-full_width elementor-widget elementor-widget-icon-list\" data-id=\"599c238\" data-element_type=\"widget\" data-widget_type=\"icon-list.default\">\n\t\t\t\t<div class=\"elementor-widget-container\">\n\t\t\t\t\t\t\t<ul class=\"elementor-icon-list-items\">\n\t\t\t\t\t\t\t<li class=\"elementor-icon-list-item\">\n\t\t\t\t\t\t\t\t\t\t\t<span class=\"elementor-icon-list-icon\">\n\t\t\t\t\t\t\t<i aria-hidden=\"true\" class=\"far fa-phone\"><\/i>\t\t\t\t\t\t<\/span>\n\t\t\t\t\t\t\t\t\t\t<span class=\"elementor-icon-list-text\">Telefon<\/span>\n\t\t\t\t\t\t\t\t\t<\/li>\n\t\t\t\t\t\t<\/ul>\n\t\t\t\t\t\t<\/div>\n\t\t\t\t<\/div>\n\t\t\t\t<div class=\"elementor-element elementor-element-6eb8786 no-margin-bottom a-col elementor-widget elementor-widget-text-editor\" data-id=\"6eb8786\" data-element_type=\"widget\" data-widget_type=\"text-editor.default\">\n\t\t\t\t<div class=\"elementor-widget-container\">\n\t\t\t\t\t\t\t\t\t<p><a href=\"tel:+494451959695\">+49 (0)4451 959 695<\/a><\/p>\t\t\t\t\t\t\t\t<\/div>\n\t\t\t\t<\/div>\n\t\t\t\t<div class=\"elementor-element elementor-element-24befbd elementor-align-left elementor-icon-list--layout-traditional elementor-list-item-link-full_width elementor-widget elementor-widget-icon-list\" data-id=\"24befbd\" data-element_type=\"widget\" data-widget_type=\"icon-list.default\">\n\t\t\t\t<div class=\"elementor-widget-container\">\n\t\t\t\t\t\t\t<ul class=\"elementor-icon-list-items\">\n\t\t\t\t\t\t\t<li class=\"elementor-icon-list-item\">\n\t\t\t\t\t\t\t\t\t\t\t<span class=\"elementor-icon-list-icon\">\n\t\t\t\t\t\t\t<i aria-hidden=\"true\" class=\"far fa-envelope\"><\/i>\t\t\t\t\t\t<\/span>\n\t\t\t\t\t\t\t\t\t\t<span class=\"elementor-icon-list-text\">E-Mail<\/span>\n\t\t\t\t\t\t\t\t\t<\/li>\n\t\t\t\t\t\t<\/ul>\n\t\t\t\t\t\t<\/div>\n\t\t\t\t<\/div>\n\t\t\t\t<div class=\"elementor-element elementor-element-db7aaf7 no-margin-bottom a-col elementor-widget elementor-widget-text-editor\" data-id=\"db7aaf7\" data-element_type=\"widget\" data-widget_type=\"text-editor.default\">\n\t\t\t\t<div class=\"elementor-widget-container\">\n\t\t\t\t\t\t\t\t\t<p><a href=\"mailto:info@kuestenimmobilien.com\">info@kuestenimmobilien.com<\/a><\/p>\t\t\t\t\t\t\t\t<\/div>\n\t\t\t\t<\/div>\n\t\t\t\t<\/div>\n\t\t\t\t<\/div>\n\t\t\t\t<\/div>\n\t\t\t\t<\/div>\n\t\t\t\t\t\t<\/div>\n\t\t\t\t<\/div>\n\t\t\t\t<\/div>\n\t\t\t\t\t<\/div>\n\t\t\t\t<\/div>\n\t\t\t\t<\/div>\n\t\t","protected":false},"excerpt":{"rendered":"<p>Reiseversicherung Unsere Empfehlung Damit Sie bei Stornierung oder Abbruch Ihres Urlaubs aufgrund von Erkrankung, Unfall oder Arbeitslosigkeit \u2013 auch innerhalb der Familie \u2013 m\u00f6gliche finanzielle Verluste ersetzt bekommen, empfehlen wir Ihnen die Produkte unseres Partners HanseMerkur Reiseversicherung, dem Marktf\u00fchrer unter den Reiseversicherern in Deutschland. Jetzt Reiseschutz abschlie\u00dfen Ihre Leistungen Reisestornierung Umbuchung Versp\u00e4tete Anreise Reiseabbruch Reiseunterbrechung [&hellip;]<\/p>\n","protected":false},"author":1,"featured_media":4964,"parent":0,"menu_order":0,"comment_status":"closed","ping_status":"closed","template":"","meta":{"_acf_changed":false,"footnotes":""},"class_list":["post-143","page","type-page","status-publish","has-post-thumbnail","hentry"],"acf":[],"yoast_head":"<!-- This site is optimized with the Yoast SEO plugin v25.1 - https:\/\/yoast.com\/wordpress\/plugins\/seo\/ -->\n<title>Reiseversicherung - K\u00fcsten Immobilien Dangast<\/title>\n<meta name=\"description\" content=\"Falls Sie Ihre Reise nicht wie erst angenommen wahrnehmen k\u00f6nnen, k\u00f6nnen Sie von unserer Reiseversicherung profitieren.\" \/>\n<meta name=\"robots\" content=\"index, follow, max-snippet:-1, max-image-preview:large, max-video-preview:-1\" \/>\n<link rel=\"canonical\" href=\"https:\/\/www.kuestenimmobilien.com\/urlaub\/reiseversicherung\/\" \/>\n<meta property=\"og:locale\" content=\"de_DE\" \/>\n<meta property=\"og:type\" content=\"article\" \/>\n<meta property=\"og:title\" content=\"Reiseversicherung - K\u00fcsten Immobilien Dangast\" \/>\n<meta property=\"og:description\" content=\"Falls Sie Ihre Reise nicht wie erst angenommen wahrnehmen k\u00f6nnen, k\u00f6nnen Sie von unserer Reiseversicherung profitieren.\" \/>\n<meta property=\"og:url\" content=\"https:\/\/www.kuestenimmobilien.com\/urlaub\/reiseversicherung\/\" \/>\n<meta property=\"og:site_name\" content=\"K\u00fcsten Immobilien Dangast\" \/>\n<meta property=\"article:modified_time\" content=\"2023-06-27T14:29:24+00:00\" \/>\n<meta property=\"og:image\" content=\"https:\/\/www.kuestenimmobilien.com\/urlaub\/wp-content\/uploads\/2023\/06\/Reiseversicherung.jpg\" \/>\n\t<meta property=\"og:image:width\" content=\"1024\" \/>\n\t<meta property=\"og:image:height\" content=\"683\" \/>\n\t<meta property=\"og:image:type\" content=\"image\/jpeg\" \/>\n<meta name=\"twitter:card\" content=\"summary_large_image\" \/>\n<meta name=\"twitter:label1\" content=\"Gesch\u00e4tzte Lesezeit\" \/>\n\t<meta name=\"twitter:data1\" content=\"1\u00a0Minute\" \/>\n<script type=\"application\/ld+json\" class=\"yoast-schema-graph\">{\"@context\":\"https:\/\/schema.org\",\"@graph\":[{\"@type\":\"WebPage\",\"@id\":\"https:\/\/www.kuestenimmobilien.com\/urlaub\/reiseversicherung\/\",\"url\":\"https:\/\/www.kuestenimmobilien.com\/urlaub\/reiseversicherung\/\",\"name\":\"Reiseversicherung - K\u00fcsten Immobilien Dangast\",\"isPartOf\":{\"@id\":\"https:\/\/www.kuestenimmobilien.com\/urlaub\/#website\"},\"primaryImageOfPage\":{\"@id\":\"https:\/\/www.kuestenimmobilien.com\/urlaub\/reiseversicherung\/#primaryimage\"},\"image\":{\"@id\":\"https:\/\/www.kuestenimmobilien.com\/urlaub\/reiseversicherung\/#primaryimage\"},\"thumbnailUrl\":\"https:\/\/www.kuestenimmobilien.com\/urlaub\/wp-content\/uploads\/2023\/06\/Reiseversicherung.jpg\",\"datePublished\":\"2023-04-21T11:07:34+00:00\",\"dateModified\":\"2023-06-27T14:29:24+00:00\",\"description\":\"Falls Sie Ihre Reise nicht wie erst angenommen wahrnehmen k\u00f6nnen, k\u00f6nnen Sie von unserer Reiseversicherung profitieren.\",\"breadcrumb\":{\"@id\":\"https:\/\/www.kuestenimmobilien.com\/urlaub\/reiseversicherung\/#breadcrumb\"},\"inLanguage\":\"de\",\"potentialAction\":[{\"@type\":\"ReadAction\",\"target\":[\"https:\/\/www.kuestenimmobilien.com\/urlaub\/reiseversicherung\/\"]}]},{\"@type\":\"ImageObject\",\"inLanguage\":\"de\",\"@id\":\"https:\/\/www.kuestenimmobilien.com\/urlaub\/reiseversicherung\/#primaryimage\",\"url\":\"https:\/\/www.kuestenimmobilien.com\/urlaub\/wp-content\/uploads\/2023\/06\/Reiseversicherung.jpg\",\"contentUrl\":\"https:\/\/www.kuestenimmobilien.com\/urlaub\/wp-content\/uploads\/2023\/06\/Reiseversicherung.jpg\",\"width\":1024,\"height\":683},{\"@type\":\"BreadcrumbList\",\"@id\":\"https:\/\/www.kuestenimmobilien.com\/urlaub\/reiseversicherung\/#breadcrumb\",\"itemListElement\":[{\"@type\":\"ListItem\",\"position\":1,\"name\":\"Startseite\",\"item\":\"https:\/\/www.kuestenimmobilien.com\/urlaub\/\"},{\"@type\":\"ListItem\",\"position\":2,\"name\":\"Reiseversicherung\"}]},{\"@type\":\"WebSite\",\"@id\":\"https:\/\/www.kuestenimmobilien.com\/urlaub\/#website\",\"url\":\"https:\/\/www.kuestenimmobilien.com\/urlaub\/\",\"name\":\"K\u00fcsten Immobilien Dangast\",\"description\":\"\",\"publisher\":{\"@id\":\"https:\/\/www.kuestenimmobilien.com\/urlaub\/#organization\"},\"potentialAction\":[{\"@type\":\"SearchAction\",\"target\":{\"@type\":\"EntryPoint\",\"urlTemplate\":\"https:\/\/www.kuestenimmobilien.com\/urlaub\/?s={search_term_string}\"},\"query-input\":{\"@type\":\"PropertyValueSpecification\",\"valueRequired\":true,\"valueName\":\"search_term_string\"}}],\"inLanguage\":\"de\"},{\"@type\":\"Organization\",\"@id\":\"https:\/\/www.kuestenimmobilien.com\/urlaub\/#organization\",\"name\":\"K\u00fcsten Immobilien Dangast\",\"url\":\"https:\/\/www.kuestenimmobilien.com\/urlaub\/\",\"logo\":{\"@type\":\"ImageObject\",\"inLanguage\":\"de\",\"@id\":\"https:\/\/www.kuestenimmobilien.com\/urlaub\/#\/schema\/logo\/image\/\",\"url\":\"https:\/\/www.kuestenimmobilien.com\/urlaub\/wp-content\/uploads\/2023\/04\/Logo_Kuestenimmobilien_2_Positiv.svg\",\"contentUrl\":\"https:\/\/www.kuestenimmobilien.com\/urlaub\/wp-content\/uploads\/2023\/04\/Logo_Kuestenimmobilien_2_Positiv.svg\",\"caption\":\"K\u00fcsten Immobilien Dangast\"},\"image\":{\"@id\":\"https:\/\/www.kuestenimmobilien.com\/urlaub\/#\/schema\/logo\/image\/\"}}]}<\/script>\n<!-- \/ Yoast SEO plugin. -->","yoast_head_json":{"title":"Reiseversicherung - K\u00fcsten Immobilien Dangast","description":"Falls Sie Ihre Reise nicht wie erst angenommen wahrnehmen k\u00f6nnen, k\u00f6nnen Sie von unserer Reiseversicherung profitieren.","robots":{"index":"index","follow":"follow","max-snippet":"max-snippet:-1","max-image-preview":"max-image-preview:large","max-video-preview":"max-video-preview:-1"},"canonical":"https:\/\/www.kuestenimmobilien.com\/urlaub\/reiseversicherung\/","og_locale":"de_DE","og_type":"article","og_title":"Reiseversicherung - K\u00fcsten Immobilien Dangast","og_description":"Falls Sie Ihre Reise nicht wie erst angenommen wahrnehmen k\u00f6nnen, k\u00f6nnen Sie von unserer Reiseversicherung profitieren.","og_url":"https:\/\/www.kuestenimmobilien.com\/urlaub\/reiseversicherung\/","og_site_name":"K\u00fcsten Immobilien Dangast","article_modified_time":"2023-06-27T14:29:24+00:00","og_image":[{"width":1024,"height":683,"url":"https:\/\/www.kuestenimmobilien.com\/urlaub\/wp-content\/uploads\/2023\/06\/Reiseversicherung.jpg","type":"image\/jpeg"}],"twitter_card":"summary_large_image","twitter_misc":{"Gesch\u00e4tzte Lesezeit":"1\u00a0Minute"},"schema":{"@context":"https:\/\/schema.org","@graph":[{"@type":"WebPage","@id":"https:\/\/www.kuestenimmobilien.com\/urlaub\/reiseversicherung\/","url":"https:\/\/www.kuestenimmobilien.com\/urlaub\/reiseversicherung\/","name":"Reiseversicherung - K\u00fcsten Immobilien Dangast","isPartOf":{"@id":"https:\/\/www.kuestenimmobilien.com\/urlaub\/#website"},"primaryImageOfPage":{"@id":"https:\/\/www.kuestenimmobilien.com\/urlaub\/reiseversicherung\/#primaryimage"},"image":{"@id":"https:\/\/www.kuestenimmobilien.com\/urlaub\/reiseversicherung\/#primaryimage"},"thumbnailUrl":"https:\/\/www.kuestenimmobilien.com\/urlaub\/wp-content\/uploads\/2023\/06\/Reiseversicherung.jpg","datePublished":"2023-04-21T11:07:34+00:00","dateModified":"2023-06-27T14:29:24+00:00","description":"Falls Sie Ihre Reise nicht wie erst angenommen wahrnehmen k\u00f6nnen, k\u00f6nnen Sie von unserer Reiseversicherung profitieren.","breadcrumb":{"@id":"https:\/\/www.kuestenimmobilien.com\/urlaub\/reiseversicherung\/#breadcrumb"},"inLanguage":"de","potentialAction":[{"@type":"ReadAction","target":["https:\/\/www.kuestenimmobilien.com\/urlaub\/reiseversicherung\/"]}]},{"@type":"ImageObject","inLanguage":"de","@id":"https:\/\/www.kuestenimmobilien.com\/urlaub\/reiseversicherung\/#primaryimage","url":"https:\/\/www.kuestenimmobilien.com\/urlaub\/wp-content\/uploads\/2023\/06\/Reiseversicherung.jpg","contentUrl":"https:\/\/www.kuestenimmobilien.com\/urlaub\/wp-content\/uploads\/2023\/06\/Reiseversicherung.jpg","width":1024,"height":683},{"@type":"BreadcrumbList","@id":"https:\/\/www.kuestenimmobilien.com\/urlaub\/reiseversicherung\/#breadcrumb","itemListElement":[{"@type":"ListItem","position":1,"name":"Startseite","item":"https:\/\/www.kuestenimmobilien.com\/urlaub\/"},{"@type":"ListItem","position":2,"name":"Reiseversicherung"}]},{"@type":"WebSite","@id":"https:\/\/www.kuestenimmobilien.com\/urlaub\/#website","url":"https:\/\/www.kuestenimmobilien.com\/urlaub\/","name":"K\u00fcsten Immobilien Dangast","description":"","publisher":{"@id":"https:\/\/www.kuestenimmobilien.com\/urlaub\/#organization"},"potentialAction":[{"@type":"SearchAction","target":{"@type":"EntryPoint","urlTemplate":"https:\/\/www.kuestenimmobilien.com\/urlaub\/?s={search_term_string}"},"query-input":{"@type":"PropertyValueSpecification","valueRequired":true,"valueName":"search_term_string"}}],"inLanguage":"de"},{"@type":"Organization","@id":"https:\/\/www.kuestenimmobilien.com\/urlaub\/#organization","name":"K\u00fcsten Immobilien Dangast","url":"https:\/\/www.kuestenimmobilien.com\/urlaub\/","logo":{"@type":"ImageObject","inLanguage":"de","@id":"https:\/\/www.kuestenimmobilien.com\/urlaub\/#\/schema\/logo\/image\/","url":"https:\/\/www.kuestenimmobilien.com\/urlaub\/wp-content\/uploads\/2023\/04\/Logo_Kuestenimmobilien_2_Positiv.svg","contentUrl":"https:\/\/www.kuestenimmobilien.com\/urlaub\/wp-content\/uploads\/2023\/04\/Logo_Kuestenimmobilien_2_Positiv.svg","caption":"K\u00fcsten Immobilien Dangast"},"image":{"@id":"https:\/\/www.kuestenimmobilien.com\/urlaub\/#\/schema\/logo\/image\/"}}]}},"_links":{"self":[{"href":"https:\/\/www.kuestenimmobilien.com\/urlaub\/wp-json\/wp\/v2\/pages\/143","targetHints":{"allow":["GET"]}}],"collection":[{"href":"https:\/\/www.kuestenimmobilien.com\/urlaub\/wp-json\/wp\/v2\/pages"}],"about":[{"href":"https:\/\/www.kuestenimmobilien.com\/urlaub\/wp-json\/wp\/v2\/types\/page"}],"author":[{"embeddable":true,"href":"https:\/\/www.kuestenimmobilien.com\/urlaub\/wp-json\/wp\/v2\/users\/1"}],"replies":[{"embeddable":true,"href":"https:\/\/www.kuestenimmobilien.com\/urlaub\/wp-json\/wp\/v2\/comments?post=143"}],"version-history":[{"count":30,"href":"https:\/\/www.kuestenimmobilien.com\/urlaub\/wp-json\/wp\/v2\/pages\/143\/revisions"}],"predecessor-version":[{"id":4918,"href":"https:\/\/www.kuestenimmobilien.com\/urlaub\/wp-json\/wp\/v2\/pages\/143\/revisions\/4918"}],"wp:featuredmedia":[{"embeddable":true,"href":"https:\/\/www.kuestenimmobilien.com\/urlaub\/wp-json\/wp\/v2\/media\/4964"}],"wp:attachment":[{"href":"https:\/\/www.kuestenimmobilien.com\/urlaub\/wp-json\/wp\/v2\/media?parent=143"}],"curies":[{"name":"wp","href":"https:\/\/api.w.org\/{rel}","templated":true}]}}