{"id":111,"date":"2023-06-29T11:58:22","date_gmt":"2023-06-29T09:58:22","guid":{"rendered":"http:\/\/admin_wTfhqugNV0RNKxTTzwmEOQcthJ"},"modified":"2023-07-12T16:31:27","modified_gmt":"2023-07-12T14:31:27","slug":"widerrufsbelehrung","status":"publish","type":"page","link":"https:\/\/www.kuestenimmobilien.com\/immobilien\/widerrufsbelehrung\/","title":{"rendered":"Widerrufsbelehrung"},"content":{"rendered":"\t\t<div data-elementor-type=\"wp-page\" data-elementor-id=\"111\" class=\"elementor elementor-111\" data-elementor-post-type=\"page\">\n\t\t\t\t\t\t\t<div class=\"elementor-element elementor-element-333e6c1c e-con-full e-flex e-con e-parent\" data-id=\"333e6c1c\" data-element_type=\"container\" data-settings=\"{&quot;content_width&quot;:&quot;full&quot;}\" data-core-v316-plus=\"true\">\n\t\t\t\t<div class=\"elementor-element elementor-element-3e0bd36d elementor-widget elementor-widget-template\" data-id=\"3e0bd36d\" data-element_type=\"widget\" data-widget_type=\"template.default\">\n\t\t\t\t<div class=\"elementor-widget-container\">\n\t\t\t\t\t<div class=\"elementor-template\">\n\t\t\t\t\t<div data-elementor-type=\"container\" data-elementor-id=\"25\" class=\"elementor elementor-25\" data-elementor-post-type=\"elementor_library\">\n\t\t\t\t\t\t\t<div class=\"elementor-element elementor-element-1750ec48 hero-section e-flex e-con-boxed e-con e-parent\" data-id=\"1750ec48\" data-element_type=\"container\" data-settings=\"{&quot;background_background&quot;:&quot;classic&quot;,&quot;content_width&quot;:&quot;boxed&quot;}\" data-core-v316-plus=\"true\">\n\t\t\t\t\t<div class=\"e-con-inner\">\n\t\t\t\t<div class=\"elementor-element elementor-element-60f9ada4 elementor-widget elementor-widget-heading\" data-id=\"60f9ada4\" data-element_type=\"widget\" data-widget_type=\"heading.default\">\n\t\t\t\t<div class=\"elementor-widget-container\">\n\t\t\t<style>\/*! elementor - v3.18.0 - 20-12-2023 *\/\n.elementor-heading-title{padding:0;margin:0;line-height:1}.elementor-widget-heading .elementor-heading-title[class*=elementor-size-]>a{color:inherit;font-size:inherit;line-height:inherit}.elementor-widget-heading .elementor-heading-title.elementor-size-small{font-size:15px}.elementor-widget-heading .elementor-heading-title.elementor-size-medium{font-size:19px}.elementor-widget-heading .elementor-heading-title.elementor-size-large{font-size:29px}.elementor-widget-heading .elementor-heading-title.elementor-size-xl{font-size:39px}.elementor-widget-heading .elementor-heading-title.elementor-size-xxl{font-size:59px}<\/style><h1 class=\"elementor-heading-title elementor-size-default\">Widerrufsbelehrung<\/h1>\t\t<\/div>\n\t\t\t\t<\/div>\n\t\t\t\t\t<\/div>\n\t\t\t\t<\/div>\n\t\t\t\t\t\t\t<\/div>\n\t\t\t\t<\/div>\n\t\t\t\t<\/div>\n\t\t\t\t<\/div>\n\t\t\t\t<div class=\"elementor-element elementor-element-4acc18d elementor-widget elementor-widget-spacer\" data-id=\"4acc18d\" data-element_type=\"widget\" data-widget_type=\"spacer.default\">\n\t\t\t\t<div class=\"elementor-widget-container\">\n\t\t\t<style>\/*! elementor - v3.18.0 - 20-12-2023 *\/\n.elementor-column .elementor-spacer-inner{height:var(--spacer-size)}.e-con{--container-widget-width:100%}.e-con-inner>.elementor-widget-spacer,.e-con>.elementor-widget-spacer{width:var(--container-widget-width,var(--spacer-size));--align-self:var(--container-widget-align-self,initial);--flex-shrink:0}.e-con-inner>.elementor-widget-spacer>.elementor-widget-container,.e-con>.elementor-widget-spacer>.elementor-widget-container{height:100%;width:100%}.e-con-inner>.elementor-widget-spacer>.elementor-widget-container>.elementor-spacer,.e-con>.elementor-widget-spacer>.elementor-widget-container>.elementor-spacer{height:100%}.e-con-inner>.elementor-widget-spacer>.elementor-widget-container>.elementor-spacer>.elementor-spacer-inner,.e-con>.elementor-widget-spacer>.elementor-widget-container>.elementor-spacer>.elementor-spacer-inner{height:var(--container-widget-height,var(--spacer-size))}.e-con-inner>.elementor-widget-spacer.elementor-widget-empty,.e-con>.elementor-widget-spacer.elementor-widget-empty{position:relative;min-height:22px;min-width:22px}.e-con-inner>.elementor-widget-spacer.elementor-widget-empty .elementor-widget-empty-icon,.e-con>.elementor-widget-spacer.elementor-widget-empty .elementor-widget-empty-icon{position:absolute;top:0;bottom:0;left:0;right:0;margin:auto;padding:0;width:22px;height:22px}<\/style>\t\t<div class=\"elementor-spacer\">\n\t\t\t<div class=\"elementor-spacer-inner\"><\/div>\n\t\t<\/div>\n\t\t\t\t<\/div>\n\t\t\t\t<\/div>\n\t\t\t\t<\/div>\n\t\t<div class=\"elementor-element elementor-element-b80c246 e-flex e-con-boxed e-con e-parent\" data-id=\"b80c246\" data-element_type=\"container\" data-settings=\"{&quot;content_width&quot;:&quot;boxed&quot;}\" data-core-v316-plus=\"true\">\n\t\t\t\t\t<div class=\"e-con-inner\">\n\t\t\t\t<div class=\"elementor-element elementor-element-89a88b3 elementor-widget elementor-widget-text-editor\" data-id=\"89a88b3\" data-element_type=\"widget\" data-widget_type=\"text-editor.default\">\n\t\t\t\t<div class=\"elementor-widget-container\">\n\t\t\t<style>\/*! elementor - v3.18.0 - 20-12-2023 *\/\n.elementor-widget-text-editor.elementor-drop-cap-view-stacked .elementor-drop-cap{background-color:#69727d;color:#fff}.elementor-widget-text-editor.elementor-drop-cap-view-framed .elementor-drop-cap{color:#69727d;border:3px solid;background-color:transparent}.elementor-widget-text-editor:not(.elementor-drop-cap-view-default) .elementor-drop-cap{margin-top:8px}.elementor-widget-text-editor:not(.elementor-drop-cap-view-default) .elementor-drop-cap-letter{width:1em;height:1em}.elementor-widget-text-editor .elementor-drop-cap{float:left;text-align:center;line-height:1;font-size:50px}.elementor-widget-text-editor .elementor-drop-cap-letter{display:inline-block}<\/style>\t\t\t\t<p>Im Falle eines zustande kommenden Maklervertrages haben Verbraucher das folgende Widerrufsrecht:<\/p>\t\t\t\t\t\t<\/div>\n\t\t\t\t<\/div>\n\t\t\t\t\t<\/div>\n\t\t\t\t<\/div>\n\t\t<div class=\"elementor-element elementor-element-b4568ac e-flex e-con-boxed e-con e-parent\" data-id=\"b4568ac\" data-element_type=\"container\" data-settings=\"{&quot;content_width&quot;:&quot;boxed&quot;}\" data-core-v316-plus=\"true\">\n\t\t\t\t\t<div class=\"e-con-inner\">\n\t\t\t\t<div class=\"elementor-element elementor-element-afbf6da elementor-widget elementor-widget-heading\" data-id=\"afbf6da\" data-element_type=\"widget\" data-widget_type=\"heading.default\">\n\t\t\t\t<div class=\"elementor-widget-container\">\n\t\t\t<h2 class=\"elementor-heading-title elementor-size-default\">WIDERRUFSRECHT F\u00dcR VERBRAUCHER BEI IMMOBILIENVERKAUF:<\/h2>\t\t<\/div>\n\t\t\t\t<\/div>\n\t\t\t\t\t<\/div>\n\t\t\t\t<\/div>\n\t\t<div class=\"elementor-element elementor-element-b1284cb e-flex e-con-boxed e-con e-parent\" data-id=\"b1284cb\" data-element_type=\"container\" data-settings=\"{&quot;content_width&quot;:&quot;boxed&quot;}\" data-core-v316-plus=\"true\">\n\t\t\t\t\t<div class=\"e-con-inner\">\n\t\t\t\t<div class=\"elementor-element elementor-element-1b77ecb elementor-widget elementor-widget-text-editor\" data-id=\"1b77ecb\" data-element_type=\"widget\" data-widget_type=\"text-editor.default\">\n\t\t\t\t<div class=\"elementor-widget-container\">\n\t\t\t\t\t\t\t<p>Sie haben das Recht, binnen vierzehn Tagen ohne Angabe von Gr\u00fcnden den Vertrag zu widerrufen. Die Widerrufsfrist betr\u00e4gt vierzehn Tage ab dem Tag des Vertragsabschlusses.<br \/>Um Ihr Widerrufsrecht auszu\u00fcben, m\u00fcssen Sie uns ( K\u00fcstenimmobilien Lothar Peters, An der Rennweide 30, 26316 Varel, Fax-Nr.: 04451-959694, info@kuestenimmobilien.com ) mittels einer eindeutigen Erkl\u00e4rung (z.B. ein mit der Post versandter Brief, Telefax oder E-Mail) \u00fcber Ihren Entschluss, diesen Vertrag zu widerrufen, informieren.<\/p><p>Zur Wahrung der Widerrufsfrist reicht es aus, dass Sie die Mitteilung \u00fcber die Aus\u00fcbung des Widerrufsrechts vor Ablauf der Widerrufsfrist absenden.<\/p>\t\t\t\t\t\t<\/div>\n\t\t\t\t<\/div>\n\t\t\t\t\t<\/div>\n\t\t\t\t<\/div>\n\t\t<div class=\"elementor-element elementor-element-22be1bd e-flex e-con-boxed e-con e-parent\" data-id=\"22be1bd\" data-element_type=\"container\" data-settings=\"{&quot;content_width&quot;:&quot;boxed&quot;}\" data-core-v316-plus=\"true\">\n\t\t\t\t\t<div class=\"e-con-inner\">\n\t\t\t\t<div class=\"elementor-element elementor-element-b060015 elementor-widget elementor-widget-heading\" data-id=\"b060015\" data-element_type=\"widget\" data-widget_type=\"heading.default\">\n\t\t\t\t<div class=\"elementor-widget-container\">\n\t\t\t<h2 class=\"elementor-heading-title elementor-size-default\">FOLGEN DES WIDERRUFS<\/h2>\t\t<\/div>\n\t\t\t\t<\/div>\n\t\t\t\t\t<\/div>\n\t\t\t\t<\/div>\n\t\t<div class=\"elementor-element elementor-element-ec3aca8 e-flex e-con-boxed e-con e-parent\" data-id=\"ec3aca8\" data-element_type=\"container\" data-settings=\"{&quot;content_width&quot;:&quot;boxed&quot;}\" data-core-v316-plus=\"true\">\n\t\t\t\t\t<div class=\"e-con-inner\">\n\t\t\t\t<div class=\"elementor-element elementor-element-409cb05 elementor-widget elementor-widget-text-editor\" data-id=\"409cb05\" data-element_type=\"widget\" data-widget_type=\"text-editor.default\">\n\t\t\t\t<div class=\"elementor-widget-container\">\n\t\t\t\t\t\t\t<p>Wenn Sie diesen Vertrag widerrufen, haben wir Ihnen alle Zahlungen, die wir von Ihnen erhalten haben, einschlie\u00dflich der Lieferkosten (mit Ausnahme der zus\u00e4tzlichen Kosten, die sich daraus ergeben, dass Sie eine andere Art der Lieferung als die von uns angebotene, g\u00fcnstigste Standardlieferung gew\u00e4hlt haben), unverz\u00fcglich und sp\u00e4testens binnen vierzehn Tagen ab dem Tag zur\u00fcckzuzahlen, an dem die Mitteilung \u00fcber Ihren Widerruf dieses Vertrags bei uns eingegangen ist. F\u00fcr diese R\u00fcckzahlung verwenden wir dasselbe Zahlungsmittel, das Sie bei der urspr\u00fcnglichen Transaktion eingesetzt haben, es sei denn, mit Ihnen wurde ausdr\u00fccklich etwas anderes vereinbart; in keinem Fall werden Ihnen wegen dieser R\u00fcckzahlung Entgelte berechnet.<\/p><p>Haben Sie verlangt, dass die Dienstleistungen w\u00e4hrend der Widerrufsfrist beginnen soll, so haben Sie uns einen angemessenen Betrag zu zahlen, der dem Anteil der bis zu dem Zeitpunkt, zu dem Sie uns von der Aus\u00fcbung des Widerrufsrechts hinsichtlich dieses Vertrags unterrichten, bereits erbrachten Dienstleistungen im Vergleich zum Gesamtumfang der im Vertrag vorgesehenen Dienstleistungen entspricht.<br \/>Ferner haben Sie die M\u00f6glichkeit, eine eindeutige Verzichtserkl\u00e4rung Ihres Widerrufsrechtes bei uns schriftlich kundzutun bzw. einzureichen. Diese Erkl\u00e4rung liegt in der Anlage bei. Solange diese Verzichtserkl\u00e4rung bei uns nicht vorliegt, d\u00fcrfen wir Sie leider nicht wie gewohnt unverz\u00fcglich bedienen.<\/p>\t\t\t\t\t\t<\/div>\n\t\t\t\t<\/div>\n\t\t\t\t\t<\/div>\n\t\t\t\t<\/div>\n\t\t<div class=\"elementor-element elementor-element-0c3270e e-flex e-con-boxed e-con e-parent\" data-id=\"0c3270e\" data-element_type=\"container\" data-settings=\"{&quot;content_width&quot;:&quot;boxed&quot;}\" data-core-v316-plus=\"true\">\n\t\t\t\t\t<div class=\"e-con-inner\">\n\t\t\t\t<div class=\"elementor-element elementor-element-cf4dbbd elementor-widget-divider--view-line elementor-widget elementor-widget-divider\" data-id=\"cf4dbbd\" data-element_type=\"widget\" data-widget_type=\"divider.default\">\n\t\t\t\t<div class=\"elementor-widget-container\">\n\t\t\t<style>\/*! elementor - v3.18.0 - 20-12-2023 *\/\n.elementor-widget-divider{--divider-border-style:none;--divider-border-width:1px;--divider-color:#0c0d0e;--divider-icon-size:20px;--divider-element-spacing:10px;--divider-pattern-height:24px;--divider-pattern-size:20px;--divider-pattern-url:none;--divider-pattern-repeat:repeat-x}.elementor-widget-divider .elementor-divider{display:flex}.elementor-widget-divider .elementor-divider__text{font-size:15px;line-height:1;max-width:95%}.elementor-widget-divider .elementor-divider__element{margin:0 var(--divider-element-spacing);flex-shrink:0}.elementor-widget-divider .elementor-icon{font-size:var(--divider-icon-size)}.elementor-widget-divider .elementor-divider-separator{display:flex;margin:0;direction:ltr}.elementor-widget-divider--view-line_icon .elementor-divider-separator,.elementor-widget-divider--view-line_text .elementor-divider-separator{align-items:center}.elementor-widget-divider--view-line_icon .elementor-divider-separator:after,.elementor-widget-divider--view-line_icon .elementor-divider-separator:before,.elementor-widget-divider--view-line_text .elementor-divider-separator:after,.elementor-widget-divider--view-line_text .elementor-divider-separator:before{display:block;content:\"\";border-bottom:0;flex-grow:1;border-top:var(--divider-border-width) var(--divider-border-style) var(--divider-color)}.elementor-widget-divider--element-align-left .elementor-divider .elementor-divider-separator>.elementor-divider__svg:first-of-type{flex-grow:0;flex-shrink:100}.elementor-widget-divider--element-align-left .elementor-divider-separator:before{content:none}.elementor-widget-divider--element-align-left .elementor-divider__element{margin-left:0}.elementor-widget-divider--element-align-right .elementor-divider .elementor-divider-separator>.elementor-divider__svg:last-of-type{flex-grow:0;flex-shrink:100}.elementor-widget-divider--element-align-right .elementor-divider-separator:after{content:none}.elementor-widget-divider--element-align-right .elementor-divider__element{margin-right:0}.elementor-widget-divider:not(.elementor-widget-divider--view-line_text):not(.elementor-widget-divider--view-line_icon) .elementor-divider-separator{border-top:var(--divider-border-width) var(--divider-border-style) var(--divider-color)}.elementor-widget-divider--separator-type-pattern{--divider-border-style:none}.elementor-widget-divider--separator-type-pattern.elementor-widget-divider--view-line .elementor-divider-separator,.elementor-widget-divider--separator-type-pattern:not(.elementor-widget-divider--view-line) .elementor-divider-separator:after,.elementor-widget-divider--separator-type-pattern:not(.elementor-widget-divider--view-line) .elementor-divider-separator:before,.elementor-widget-divider--separator-type-pattern:not([class*=elementor-widget-divider--view]) .elementor-divider-separator{width:100%;min-height:var(--divider-pattern-height);-webkit-mask-size:var(--divider-pattern-size) 100%;mask-size:var(--divider-pattern-size) 100%;-webkit-mask-repeat:var(--divider-pattern-repeat);mask-repeat:var(--divider-pattern-repeat);background-color:var(--divider-color);-webkit-mask-image:var(--divider-pattern-url);mask-image:var(--divider-pattern-url)}.elementor-widget-divider--no-spacing{--divider-pattern-size:auto}.elementor-widget-divider--bg-round{--divider-pattern-repeat:round}.rtl .elementor-widget-divider .elementor-divider__text{direction:rtl}.e-con-inner>.elementor-widget-divider,.e-con>.elementor-widget-divider{width:var(--container-widget-width,100%);--flex-grow:var(--container-widget-flex-grow)}<\/style>\t\t<div class=\"elementor-divider\">\n\t\t\t<span class=\"elementor-divider-separator\">\n\t\t\t\t\t\t<\/span>\n\t\t<\/div>\n\t\t\t\t<\/div>\n\t\t\t\t<\/div>\n\t\t\t\t\t<\/div>\n\t\t\t\t<\/div>\n\t\t<div class=\"elementor-element elementor-element-5ff2917 e-flex e-con-boxed e-con e-parent\" data-id=\"5ff2917\" data-element_type=\"container\" data-settings=\"{&quot;content_width&quot;:&quot;boxed&quot;}\" data-core-v316-plus=\"true\">\n\t\t\t\t\t<div class=\"e-con-inner\">\n\t\t\t\t<div class=\"elementor-element elementor-element-226d68c elementor-widget elementor-widget-heading\" data-id=\"226d68c\" data-element_type=\"widget\" data-widget_type=\"heading.default\">\n\t\t\t\t<div class=\"elementor-widget-container\">\n\t\t\t<h3 class=\"elementor-heading-title elementor-size-default\">Muster-Widerrufsformular<\/h3>\t\t<\/div>\n\t\t\t\t<\/div>\n\t\t\t\t\t<\/div>\n\t\t\t\t<\/div>\n\t\t<div class=\"elementor-element elementor-element-299452d e-flex e-con-boxed e-con e-parent\" data-id=\"299452d\" data-element_type=\"container\" data-settings=\"{&quot;content_width&quot;:&quot;boxed&quot;}\" data-core-v316-plus=\"true\">\n\t\t\t\t\t<div class=\"e-con-inner\">\n\t\t\t\t<div class=\"elementor-element elementor-element-c7291f7 elementor-widget elementor-widget-text-editor\" data-id=\"c7291f7\" data-element_type=\"widget\" data-widget_type=\"text-editor.default\">\n\t\t\t\t<div class=\"elementor-widget-container\">\n\t\t\t\t\t\t\t<p><strong>Muster-Widerrufsformular<\/strong><\/p><p>(Wenn Sie den Maklervertrag widerrufen wollen, dann f\u00fcllen Sie bitte dieses Formular aus und senden Sie es zur\u00fcck.)<\/p><p>An<br \/>K\u00fcsten Immobilien Lothar Peters<br \/>An der Rennweide 30<br \/>26316 Varel<br \/><a href=\"mailto:info@kuestenimmobilien.eu\">info@kuestenimmobilien.eu<\/a><\/p><p>Hiermit widerrufe(n) ich\/wir(*) den von mir\/uns(*) abgeschlossenen Vertrag \u00fcber den Kauf der folgenden Waren(*)\/ die Erbringung der folgenden Dienstleistung (*)<\/p><ul><li>Bestellt am (*) \/ erhalten am (*)<\/li><li>Name des\/der Verbraucher(s)<\/li><li>Anschrift des\/der Verbraucher(s)<\/li><li>Unterschrift des\/der Verbraucher(s) (nur bei Mitteilung auf Papier)<\/li><li>Datum<\/li><\/ul><p>(*) Unzutreffendes bitte streichen<\/p><p><strong>ENDE DES WIDERRUFSFORMULARS<\/strong><\/p>\t\t\t\t\t\t<\/div>\n\t\t\t\t<\/div>\n\t\t\t\t\t<\/div>\n\t\t\t\t<\/div>\n\t\t\t\t\t\t\t<\/div>\n\t\t","protected":false},"excerpt":{"rendered":"<p>Im Falle eines zustande kommenden Maklervertrages haben Verbraucher das folgende Widerrufsrecht: WIDERRUFSRECHT F\u00dcR VERBRAUCHER BEI IMMOBILIENVERKAUF: Sie haben das Recht, binnen vierzehn Tagen ohne Angabe von Gr\u00fcnden den Vertrag zu widerrufen. Die Widerrufsfrist betr\u00e4gt vierzehn Tage ab dem Tag des Vertragsabschlusses.Um Ihr Widerrufsrecht auszu\u00fcben, m\u00fcssen Sie uns ( K\u00fcstenimmobilien Lothar Peters, An der Rennweide 30, [&hellip;]<\/p>\n","protected":false},"author":1,"featured_media":0,"parent":0,"menu_order":0,"comment_status":"closed","ping_status":"closed","template":"","meta":{"footnotes":""},"acf":[],"yoast_head":"<!-- This site is optimized with the Yoast SEO plugin v21.8.1 - https:\/\/yoast.com\/wordpress\/plugins\/seo\/ -->\n<title>Widerrufsbelehrung - K\u00fcsten Immobilien Dangast<\/title>\n<meta name=\"robots\" content=\"index, follow, max-snippet:-1, max-image-preview:large, max-video-preview:-1\" \/>\n<link rel=\"canonical\" href=\"https:\/\/kuestenimmo.demo-on.de\/widerrufsbelehrung\/\" \/>\n<meta property=\"og:locale\" content=\"de_DE\" \/>\n<meta property=\"og:type\" content=\"article\" \/>\n<meta property=\"og:title\" content=\"Widerrufsbelehrung - K\u00fcsten Immobilien Dangast\" \/>\n<meta property=\"og:description\" content=\"Im Falle eines zustande kommenden Maklervertrages haben Verbraucher das folgende Widerrufsrecht: WIDERRUFSRECHT F\u00dcR VERBRAUCHER BEI IMMOBILIENVERKAUF: Sie haben das Recht, binnen vierzehn Tagen ohne Angabe von Gr\u00fcnden den Vertrag zu widerrufen. Die Widerrufsfrist betr\u00e4gt vierzehn Tage ab dem Tag des Vertragsabschlusses.Um Ihr Widerrufsrecht auszu\u00fcben, m\u00fcssen Sie uns ( K\u00fcstenimmobilien Lothar Peters, An der Rennweide 30, [&hellip;]\" \/>\n<meta property=\"og:url\" content=\"https:\/\/kuestenimmo.demo-on.de\/widerrufsbelehrung\/\" \/>\n<meta property=\"og:site_name\" content=\"K\u00fcsten Immobilien Dangast\" \/>\n<meta property=\"article:modified_time\" content=\"2023-07-12T14:31:27+00:00\" \/>\n<meta name=\"twitter:card\" content=\"summary_large_image\" \/>\n<meta name=\"twitter:label1\" content=\"Gesch\u00e4tzte Lesezeit\" \/>\n\t<meta name=\"twitter:data1\" content=\"3\u00a0Minuten\" \/>\n<script type=\"application\/ld+json\" class=\"yoast-schema-graph\">{\"@context\":\"https:\/\/schema.org\",\"@graph\":[{\"@type\":\"WebPage\",\"@id\":\"https:\/\/kuestenimmo.demo-on.de\/widerrufsbelehrung\/\",\"url\":\"https:\/\/kuestenimmo.demo-on.de\/widerrufsbelehrung\/\",\"name\":\"Widerrufsbelehrung - K\u00fcsten Immobilien Dangast\",\"isPartOf\":{\"@id\":\"https:\/\/kuestenimmo.demo-on.de\/#website\"},\"datePublished\":\"2023-06-29T09:58:22+00:00\",\"dateModified\":\"2023-07-12T14:31:27+00:00\",\"breadcrumb\":{\"@id\":\"https:\/\/kuestenimmo.demo-on.de\/widerrufsbelehrung\/#breadcrumb\"},\"inLanguage\":\"de\",\"potentialAction\":[{\"@type\":\"ReadAction\",\"target\":[\"https:\/\/kuestenimmo.demo-on.de\/widerrufsbelehrung\/\"]}]},{\"@type\":\"BreadcrumbList\",\"@id\":\"https:\/\/kuestenimmo.demo-on.de\/widerrufsbelehrung\/#breadcrumb\",\"itemListElement\":[{\"@type\":\"ListItem\",\"position\":1,\"name\":\"Startseite\",\"item\":\"https:\/\/www.kuestenimmobilien.com\/immobilien\/\"},{\"@type\":\"ListItem\",\"position\":2,\"name\":\"Widerrufsbelehrung\"}]},{\"@type\":\"WebSite\",\"@id\":\"https:\/\/kuestenimmo.demo-on.de\/#website\",\"url\":\"https:\/\/kuestenimmo.demo-on.de\/\",\"name\":\"K\u00fcsten Immobilien Dangast\",\"description\":\"\",\"publisher\":{\"@id\":\"https:\/\/kuestenimmo.demo-on.de\/#organization\"},\"potentialAction\":[{\"@type\":\"SearchAction\",\"target\":{\"@type\":\"EntryPoint\",\"urlTemplate\":\"https:\/\/kuestenimmo.demo-on.de\/?s={search_term_string}\"},\"query-input\":\"required name=search_term_string\"}],\"inLanguage\":\"de\"},{\"@type\":\"Organization\",\"@id\":\"https:\/\/kuestenimmo.demo-on.de\/#organization\",\"name\":\"K\u00fcsten Immobilien Dangast\",\"url\":\"https:\/\/kuestenimmo.demo-on.de\/\",\"logo\":{\"@type\":\"ImageObject\",\"inLanguage\":\"de\",\"@id\":\"https:\/\/kuestenimmo.demo-on.de\/#\/schema\/logo\/image\/\",\"url\":\"https:\/\/www.kuestenimmobilien.com\/immobilien\/wp-content\/uploads\/2023\/06\/Logo_Kuestenimmobilien_2_Positiv.svg\",\"contentUrl\":\"https:\/\/www.kuestenimmobilien.com\/immobilien\/wp-content\/uploads\/2023\/06\/Logo_Kuestenimmobilien_2_Positiv.svg\",\"caption\":\"K\u00fcsten Immobilien Dangast\"},\"image\":{\"@id\":\"https:\/\/kuestenimmo.demo-on.de\/#\/schema\/logo\/image\/\"}}]}<\/script>\n<!-- \/ Yoast SEO plugin. -->","yoast_head_json":{"title":"Widerrufsbelehrung - K\u00fcsten Immobilien Dangast","robots":{"index":"index","follow":"follow","max-snippet":"max-snippet:-1","max-image-preview":"max-image-preview:large","max-video-preview":"max-video-preview:-1"},"canonical":"https:\/\/kuestenimmo.demo-on.de\/widerrufsbelehrung\/","og_locale":"de_DE","og_type":"article","og_title":"Widerrufsbelehrung - K\u00fcsten Immobilien Dangast","og_description":"Im Falle eines zustande kommenden Maklervertrages haben Verbraucher das folgende Widerrufsrecht: WIDERRUFSRECHT F\u00dcR VERBRAUCHER BEI IMMOBILIENVERKAUF: Sie haben das Recht, binnen vierzehn Tagen ohne Angabe von Gr\u00fcnden den Vertrag zu widerrufen. Die Widerrufsfrist betr\u00e4gt vierzehn Tage ab dem Tag des Vertragsabschlusses.Um Ihr Widerrufsrecht auszu\u00fcben, m\u00fcssen Sie uns ( K\u00fcstenimmobilien Lothar Peters, An der Rennweide 30, [&hellip;]","og_url":"https:\/\/kuestenimmo.demo-on.de\/widerrufsbelehrung\/","og_site_name":"K\u00fcsten Immobilien Dangast","article_modified_time":"2023-07-12T14:31:27+00:00","twitter_card":"summary_large_image","twitter_misc":{"Gesch\u00e4tzte Lesezeit":"3\u00a0Minuten"},"schema":{"@context":"https:\/\/schema.org","@graph":[{"@type":"WebPage","@id":"https:\/\/kuestenimmo.demo-on.de\/widerrufsbelehrung\/","url":"https:\/\/kuestenimmo.demo-on.de\/widerrufsbelehrung\/","name":"Widerrufsbelehrung - K\u00fcsten Immobilien Dangast","isPartOf":{"@id":"https:\/\/kuestenimmo.demo-on.de\/#website"},"datePublished":"2023-06-29T09:58:22+00:00","dateModified":"2023-07-12T14:31:27+00:00","breadcrumb":{"@id":"https:\/\/kuestenimmo.demo-on.de\/widerrufsbelehrung\/#breadcrumb"},"inLanguage":"de","potentialAction":[{"@type":"ReadAction","target":["https:\/\/kuestenimmo.demo-on.de\/widerrufsbelehrung\/"]}]},{"@type":"BreadcrumbList","@id":"https:\/\/kuestenimmo.demo-on.de\/widerrufsbelehrung\/#breadcrumb","itemListElement":[{"@type":"ListItem","position":1,"name":"Startseite","item":"https:\/\/www.kuestenimmobilien.com\/immobilien\/"},{"@type":"ListItem","position":2,"name":"Widerrufsbelehrung"}]},{"@type":"WebSite","@id":"https:\/\/kuestenimmo.demo-on.de\/#website","url":"https:\/\/kuestenimmo.demo-on.de\/","name":"K\u00fcsten Immobilien Dangast","description":"","publisher":{"@id":"https:\/\/kuestenimmo.demo-on.de\/#organization"},"potentialAction":[{"@type":"SearchAction","target":{"@type":"EntryPoint","urlTemplate":"https:\/\/kuestenimmo.demo-on.de\/?s={search_term_string}"},"query-input":"required name=search_term_string"}],"inLanguage":"de"},{"@type":"Organization","@id":"https:\/\/kuestenimmo.demo-on.de\/#organization","name":"K\u00fcsten Immobilien Dangast","url":"https:\/\/kuestenimmo.demo-on.de\/","logo":{"@type":"ImageObject","inLanguage":"de","@id":"https:\/\/kuestenimmo.demo-on.de\/#\/schema\/logo\/image\/","url":"https:\/\/www.kuestenimmobilien.com\/immobilien\/wp-content\/uploads\/2023\/06\/Logo_Kuestenimmobilien_2_Positiv.svg","contentUrl":"https:\/\/www.kuestenimmobilien.com\/immobilien\/wp-content\/uploads\/2023\/06\/Logo_Kuestenimmobilien_2_Positiv.svg","caption":"K\u00fcsten Immobilien Dangast"},"image":{"@id":"https:\/\/kuestenimmo.demo-on.de\/#\/schema\/logo\/image\/"}}]}},"_links":{"self":[{"href":"https:\/\/www.kuestenimmobilien.com\/immobilien\/wp-json\/wp\/v2\/pages\/111"}],"collection":[{"href":"https:\/\/www.kuestenimmobilien.com\/immobilien\/wp-json\/wp\/v2\/pages"}],"about":[{"href":"https:\/\/www.kuestenimmobilien.com\/immobilien\/wp-json\/wp\/v2\/types\/page"}],"author":[{"embeddable":true,"href":"https:\/\/www.kuestenimmobilien.com\/immobilien\/wp-json\/wp\/v2\/users\/1"}],"replies":[{"embeddable":true,"href":"https:\/\/www.kuestenimmobilien.com\/immobilien\/wp-json\/wp\/v2\/comments?post=111"}],"version-history":[{"count":25,"href":"https:\/\/www.kuestenimmobilien.com\/immobilien\/wp-json\/wp\/v2\/pages\/111\/revisions"}],"predecessor-version":[{"id":4154,"href":"https:\/\/www.kuestenimmobilien.com\/immobilien\/wp-json\/wp\/v2\/pages\/111\/revisions\/4154"}],"wp:attachment":[{"href":"https:\/\/www.kuestenimmobilien.com\/immobilien\/wp-json\/wp\/v2\/media?parent=111"}],"curies":[{"name":"wp","href":"https:\/\/api.w.org\/{rel}","templated":true}]}}