{"id":102,"date":"2023-06-29T11:58:21","date_gmt":"2023-06-29T09:58:21","guid":{"rendered":"https:\/\/www.kuestenimmobilien.com\/immobilien\/impressum\/"},"modified":"2023-09-20T12:12:56","modified_gmt":"2023-09-20T10:12:56","slug":"impressum","status":"publish","type":"page","link":"https:\/\/www.kuestenimmobilien.com\/immobilien\/impressum\/","title":{"rendered":"Impressum"},"content":{"rendered":"\t\t<div data-elementor-type=\"wp-page\" data-elementor-id=\"102\" class=\"elementor elementor-102\" data-elementor-post-type=\"page\">\n\t\t\t\t\t\t\t<div class=\"elementor-element elementor-element-734e7baf e-flex e-con-boxed e-con e-parent\" data-id=\"734e7baf\" data-element_type=\"container\" data-settings=\"{&quot;content_width&quot;:&quot;boxed&quot;}\" data-core-v316-plus=\"true\">\n\t\t\t\t\t<div class=\"e-con-inner\">\n\t\t\t\t<div class=\"elementor-element elementor-element-7ea06ce9 imprint elementor-widget elementor-widget-text-editor\" data-id=\"7ea06ce9\" data-element_type=\"widget\" data-widget_type=\"text-editor.default\">\n\t\t\t\t<div class=\"elementor-widget-container\">\n\t\t\t<style>\/*! elementor - v3.18.0 - 20-12-2023 *\/\n.elementor-widget-text-editor.elementor-drop-cap-view-stacked .elementor-drop-cap{background-color:#69727d;color:#fff}.elementor-widget-text-editor.elementor-drop-cap-view-framed .elementor-drop-cap{color:#69727d;border:3px solid;background-color:transparent}.elementor-widget-text-editor:not(.elementor-drop-cap-view-default) .elementor-drop-cap{margin-top:8px}.elementor-widget-text-editor:not(.elementor-drop-cap-view-default) .elementor-drop-cap-letter{width:1em;height:1em}.elementor-widget-text-editor .elementor-drop-cap{float:left;text-align:center;line-height:1;font-size:50px}.elementor-widget-text-editor .elementor-drop-cap-letter{display:inline-block}<\/style>\t\t\t\t<div class=\"static-view\">\n<div class=\"container static-content\">\n<div class=\"page-header\">\n<h1>Impressum<\/h1>\n<\/div>\n<div>\n<h2>Angaben gem\u00e4\u00df \u00a7 5 TMG:<\/h2>\nLothar Peters\nK\u00fcsten Immobilien Dangast\nAn der Rennweide 30\n26316 Varel \/ Dangast\n\n<strong>Zust\u00e4ndige Aufsichtsbeh\u00f6rde f\u00fcr die T\u00e4tigkeit nach \u00a7 34c GewO:<\/strong>\n\nOldenburgische Industrie- und Handelskammer\nMoslestra\u00dfe 6\n26122 Oldenburg\n<a href=\"http:\/\/www.ihk-oldenburg.de\/\" target=\"_blank\" rel=\"noopener\">www.ihk-oldenburg.de<\/a>\n\n<strong>Gerichtsstand:\n<\/strong>Amtsgericht Varel\n\n<strong>Umsatzsteuer-Identifikationsnummer gem\u00e4\u00df \u00a727 a Umsatzsteuergesetz:\n<\/strong>DE194 345 747\n<h2>Kontakt:<\/h2>\n<table style=\"height: 79px;\" width=\"268\">\n<tbody>\n<tr>\n<td>Telefon:<\/td>\n<td>+49 (0)4451 91 82 111<\/td>\n<tr\/>\n<td>E-Mail:<\/td>\n<td>\u00a0info@kuestenimmobilien.eu \n<\/td>\n<\/tr>\n<\/tbody>\n<\/table>\n<h2>Haftungsausschluss (Disclaimer)<\/h2>\n<h3>Haftung f\u00fcr Inhalte<\/h3>\nAls Diensteanbieter sind wir gem\u00e4\u00df \u00a7 7 Abs.1 TMG f\u00fcr eigene Inhalte auf diesen Seiten nach den allgemeinen Gesetzen verantwortlich. Nach \u00a7\u00a7 8 bis 10 TMG sind wir als Diensteanbieter jedoch nicht verpflichtet, \u00fcbermittelte oder gespeicherte fremde Informationen zu \u00fcberwachen oder nach Umst\u00e4nden zu forschen, die auf eine rechtswidrige T\u00e4tigkeit hinweisen.\n\nVerpflichtungen zur Entfernung oder Sperrung der Nutzung von Informationen nach den allgemeinen Gesetzen bleiben hiervon unber\u00fchrt. Eine diesbez\u00fcgliche Haftung ist jedoch erst ab dem Zeitpunkt der Kenntnis einer konkreten Rechtsverletzung m\u00f6glich. Bei Bekanntwerden von entsprechenden Rechtsverletzungen werden wir diese Inhalte umgehend entfernen.\n<h3>Haftung f\u00fcr Links<\/h3>\nUnser Angebot enth\u00e4lt Links zu externen Webseiten Dritter, auf deren Inhalte wir keinen Einfluss haben. Deshalb k\u00f6nnen wir f\u00fcr diese fremden Inhalte auch keine Gew\u00e4hr \u00fcbernehmen. F\u00fcr die Inhalte der verlinkten Seiten ist stets der jeweilige Anbieter oder Betreiber der Seiten verantwortlich. Die verlinkten Seiten wurden zum Zeitpunkt der Verlinkung auf m\u00f6gliche Rechtsverst\u00f6\u00dfe \u00fcberpr\u00fcft. Rechtswidrige Inhalte waren zum Zeitpunkt der Verlinkung nicht erkennbar.\n\nEine permanente inhaltliche Kontrolle der verlinkten Seiten ist jedoch ohne konkrete Anhaltspunkte einer Rechtsverletzung nicht zumutbar. Bei Bekanntwerden von Rechtsverletzungen werden wir derartige Links umgehend entfernen.\n<h3>Urheberrecht<\/h3>\nDie durch die Seitenbetreiber erstellten Inhalte und Werke auf diesen Seiten unterliegen dem deutschen Urheberrecht. Die Vervielf\u00e4ltigung, Bearbeitung, Verbreitung und jede Art der Verwertung au\u00dferhalb der Grenzen des Urheberrechtes bed\u00fcrfen der schriftlichen Zustimmung des jeweiligen Autors bzw. Erstellers. Downloads und Kopien dieser Seite sind nur f\u00fcr den privaten, nicht kommerziellen Gebrauch gestattet.\n\nSoweit die Inhalte auf dieser Seite nicht vom Betreiber erstellt wurden, werden die Urheberrechte Dritter beachtet. Insbesondere werden Inhalte Dritter als solche gekennzeichnet. Sollten Sie trotzdem auf eine Urheberrechtsverletzung aufmerksam werden, bitten wir um einen entsprechenden Hinweis. Bei Bekanntwerden von Rechtsverletzungen werden wir derartige Inhalte umgehend entfernen.\n<h3>Bildquellen<\/h3>\n<strong>Fotos:\u00a0<\/strong>PhotoCase.com\n\n<strong>Fotografen:<\/strong>\nM\u00f6we: jebbing, Schneckenhaus: helen, Hintergrund Meer: brianh, Kurverwaltung Dangast: Martin St\u00f6ver, Foto mit der Jade: Sina Weber\n\n<strong>Fotos Haus Rieke:\u00a0<\/strong>Anja Zervo\u00df,\u00a0<a href=\"https:\/\/www.pixelissimo.de\/\" target=\"_blank\" rel=\"noopener\">www.pixelissimo.de<\/a>\n<h3>Videos<\/h3>\n<p data-pm-slice=\"1 1 []\"><strong>Imagefilm<\/strong>: <a href=\"http:\/\/www.trapp.photography\/\"><u>www.trapp.photography<\/u><\/a><\/p>\nQuelle:\u00a0<em><a href=\"https:\/\/www.e-recht24.de\/\">eRecht24<\/a><\/em>\n\n<\/div>\n<\/div>\n<\/div>\n<footer>\n<div class=\"container\">\n<div class=\"row\">\n<div class=\"col-md-4 col-sm-6\">\n<h3>Informationen<\/h3>\n<strong>Berufsbezeichnung:\n<\/strong>Immobilienkaufmann\n\n<strong>Berufsrechtliche Regelung:\n<\/strong>Gewerbeanmeldung nach \u00a7 34 c GewO\n\n<strong>Aufsichtsbeh\u00f6rde:<\/strong>\nOldenburgische Industrie- und Handelskammer \u2013\u00a0<a href=\"http:\/\/www.ihk-oldenburg.de\/\">www.ihk-oldenburg.de<\/a>\n<h3><\/h3>\n<h3>Hinweis zur Online-Streitbeilegung gem\u00e4\u00df Art. 14 Abs. 1 ODR-VO:<\/h3>\n<strong>Die Europ\u00e4ische Kommission stellt eine Plattform zur Online-Streitbeilegung (OS) bereit, die Sie unter\n<a href=\"https:\/\/news.dtvdata.de\/ncopen.php?nid=2989&amp;aid=12104&amp;apid=7&amp;url=https:\/\/ec.europa.eu\/consumers\/odr\/main\/index.cfm?event=main.home2.show&amp;lng=DE\" target=\"_blank\" rel=\"noopener\">https:\/\/ec.europa.eu\/consumers\/odr\/<\/a>\u00a0finden.<\/strong>\n\n<\/div>\n<\/div>\n<\/div>\n<\/footer>\t\t\t\t\t\t<\/div>\n\t\t\t\t<\/div>\n\t\t\t\t\t<\/div>\n\t\t\t\t<\/div>\n\t\t\t\t\t\t\t<\/div>\n\t\t","protected":false},"excerpt":{"rendered":"<p>Impressum Angaben gem\u00e4\u00df \u00a7 5 TMG: Lothar Peters K\u00fcsten Immobilien Dangast An der Rennweide 30 26316 Varel \/ Dangast Zust\u00e4ndige Aufsichtsbeh\u00f6rde f\u00fcr die T\u00e4tigkeit nach \u00a7 34c GewO: Oldenburgische Industrie- und Handelskammer Moslestra\u00dfe 6 26122 Oldenburg www.ihk-oldenburg.de Gerichtsstand: Amtsgericht Varel Umsatzsteuer-Identifikationsnummer gem\u00e4\u00df \u00a727 a Umsatzsteuergesetz: DE194 345 747 Kontakt: Telefon: +49 (0)4451 91 82 111 [&hellip;]<\/p>\n","protected":false},"author":1,"featured_media":0,"parent":0,"menu_order":0,"comment_status":"closed","ping_status":"closed","template":"","meta":{"footnotes":""},"acf":[],"yoast_head":"<!-- This site is optimized with the Yoast SEO plugin v21.8.1 - https:\/\/yoast.com\/wordpress\/plugins\/seo\/ -->\n<title>Impressum - K\u00fcsten Immobilien Dangast<\/title>\n<meta name=\"robots\" content=\"index, follow, max-snippet:-1, max-image-preview:large, max-video-preview:-1\" \/>\n<link rel=\"canonical\" href=\"https:\/\/www.kuestenimmobilien.com\/immobilien\/impressum\/\" \/>\n<meta property=\"og:locale\" content=\"de_DE\" \/>\n<meta property=\"og:type\" content=\"article\" \/>\n<meta property=\"og:title\" content=\"Impressum - K\u00fcsten Immobilien Dangast\" \/>\n<meta property=\"og:description\" content=\"Impressum Angaben gem\u00e4\u00df \u00a7 5 TMG: Lothar Peters K\u00fcsten Immobilien Dangast An der Rennweide 30 26316 Varel \/ Dangast Zust\u00e4ndige Aufsichtsbeh\u00f6rde f\u00fcr die T\u00e4tigkeit nach \u00a7 34c GewO: Oldenburgische Industrie- und Handelskammer Moslestra\u00dfe 6 26122 Oldenburg www.ihk-oldenburg.de Gerichtsstand: Amtsgericht Varel Umsatzsteuer-Identifikationsnummer gem\u00e4\u00df \u00a727 a Umsatzsteuergesetz: DE194 345 747 Kontakt: Telefon: +49 (0)4451 91 82 111 [&hellip;]\" \/>\n<meta property=\"og:url\" content=\"https:\/\/www.kuestenimmobilien.com\/immobilien\/impressum\/\" \/>\n<meta property=\"og:site_name\" content=\"K\u00fcsten Immobilien Dangast\" \/>\n<meta property=\"article:modified_time\" content=\"2023-09-20T10:12:56+00:00\" \/>\n<meta name=\"twitter:card\" content=\"summary_large_image\" \/>\n<meta name=\"twitter:label1\" content=\"Gesch\u00e4tzte Lesezeit\" \/>\n\t<meta name=\"twitter:data1\" content=\"3\u00a0Minuten\" \/>\n<script type=\"application\/ld+json\" class=\"yoast-schema-graph\">{\"@context\":\"https:\/\/schema.org\",\"@graph\":[{\"@type\":\"WebPage\",\"@id\":\"https:\/\/www.kuestenimmobilien.com\/immobilien\/impressum\/\",\"url\":\"https:\/\/www.kuestenimmobilien.com\/immobilien\/impressum\/\",\"name\":\"Impressum - K\u00fcsten Immobilien Dangast\",\"isPartOf\":{\"@id\":\"https:\/\/kuestenimmo.demo-on.de\/#website\"},\"datePublished\":\"2023-06-29T09:58:21+00:00\",\"dateModified\":\"2023-09-20T10:12:56+00:00\",\"breadcrumb\":{\"@id\":\"https:\/\/www.kuestenimmobilien.com\/immobilien\/impressum\/#breadcrumb\"},\"inLanguage\":\"de\",\"potentialAction\":[{\"@type\":\"ReadAction\",\"target\":[\"https:\/\/www.kuestenimmobilien.com\/immobilien\/impressum\/\"]}]},{\"@type\":\"BreadcrumbList\",\"@id\":\"https:\/\/www.kuestenimmobilien.com\/immobilien\/impressum\/#breadcrumb\",\"itemListElement\":[{\"@type\":\"ListItem\",\"position\":1,\"name\":\"Startseite\",\"item\":\"https:\/\/www.kuestenimmobilien.com\/immobilien\/\"},{\"@type\":\"ListItem\",\"position\":2,\"name\":\"Impressum\"}]},{\"@type\":\"WebSite\",\"@id\":\"https:\/\/kuestenimmo.demo-on.de\/#website\",\"url\":\"https:\/\/kuestenimmo.demo-on.de\/\",\"name\":\"K\u00fcsten Immobilien Dangast\",\"description\":\"\",\"publisher\":{\"@id\":\"https:\/\/kuestenimmo.demo-on.de\/#organization\"},\"potentialAction\":[{\"@type\":\"SearchAction\",\"target\":{\"@type\":\"EntryPoint\",\"urlTemplate\":\"https:\/\/kuestenimmo.demo-on.de\/?s={search_term_string}\"},\"query-input\":\"required name=search_term_string\"}],\"inLanguage\":\"de\"},{\"@type\":\"Organization\",\"@id\":\"https:\/\/kuestenimmo.demo-on.de\/#organization\",\"name\":\"K\u00fcsten Immobilien Dangast\",\"url\":\"https:\/\/kuestenimmo.demo-on.de\/\",\"logo\":{\"@type\":\"ImageObject\",\"inLanguage\":\"de\",\"@id\":\"https:\/\/kuestenimmo.demo-on.de\/#\/schema\/logo\/image\/\",\"url\":\"https:\/\/www.kuestenimmobilien.com\/immobilien\/wp-content\/uploads\/2023\/06\/Logo_Kuestenimmobilien_2_Positiv.svg\",\"contentUrl\":\"https:\/\/www.kuestenimmobilien.com\/immobilien\/wp-content\/uploads\/2023\/06\/Logo_Kuestenimmobilien_2_Positiv.svg\",\"caption\":\"K\u00fcsten Immobilien Dangast\"},\"image\":{\"@id\":\"https:\/\/kuestenimmo.demo-on.de\/#\/schema\/logo\/image\/\"}}]}<\/script>\n<!-- \/ Yoast SEO plugin. -->","yoast_head_json":{"title":"Impressum - K\u00fcsten Immobilien Dangast","robots":{"index":"index","follow":"follow","max-snippet":"max-snippet:-1","max-image-preview":"max-image-preview:large","max-video-preview":"max-video-preview:-1"},"canonical":"https:\/\/www.kuestenimmobilien.com\/immobilien\/impressum\/","og_locale":"de_DE","og_type":"article","og_title":"Impressum - K\u00fcsten Immobilien Dangast","og_description":"Impressum Angaben gem\u00e4\u00df \u00a7 5 TMG: Lothar Peters K\u00fcsten Immobilien Dangast An der Rennweide 30 26316 Varel \/ Dangast Zust\u00e4ndige Aufsichtsbeh\u00f6rde f\u00fcr die T\u00e4tigkeit nach \u00a7 34c GewO: Oldenburgische Industrie- und Handelskammer Moslestra\u00dfe 6 26122 Oldenburg www.ihk-oldenburg.de Gerichtsstand: Amtsgericht Varel Umsatzsteuer-Identifikationsnummer gem\u00e4\u00df \u00a727 a Umsatzsteuergesetz: DE194 345 747 Kontakt: Telefon: +49 (0)4451 91 82 111 [&hellip;]","og_url":"https:\/\/www.kuestenimmobilien.com\/immobilien\/impressum\/","og_site_name":"K\u00fcsten Immobilien Dangast","article_modified_time":"2023-09-20T10:12:56+00:00","twitter_card":"summary_large_image","twitter_misc":{"Gesch\u00e4tzte Lesezeit":"3\u00a0Minuten"},"schema":{"@context":"https:\/\/schema.org","@graph":[{"@type":"WebPage","@id":"https:\/\/www.kuestenimmobilien.com\/immobilien\/impressum\/","url":"https:\/\/www.kuestenimmobilien.com\/immobilien\/impressum\/","name":"Impressum - K\u00fcsten Immobilien Dangast","isPartOf":{"@id":"https:\/\/kuestenimmo.demo-on.de\/#website"},"datePublished":"2023-06-29T09:58:21+00:00","dateModified":"2023-09-20T10:12:56+00:00","breadcrumb":{"@id":"https:\/\/www.kuestenimmobilien.com\/immobilien\/impressum\/#breadcrumb"},"inLanguage":"de","potentialAction":[{"@type":"ReadAction","target":["https:\/\/www.kuestenimmobilien.com\/immobilien\/impressum\/"]}]},{"@type":"BreadcrumbList","@id":"https:\/\/www.kuestenimmobilien.com\/immobilien\/impressum\/#breadcrumb","itemListElement":[{"@type":"ListItem","position":1,"name":"Startseite","item":"https:\/\/www.kuestenimmobilien.com\/immobilien\/"},{"@type":"ListItem","position":2,"name":"Impressum"}]},{"@type":"WebSite","@id":"https:\/\/kuestenimmo.demo-on.de\/#website","url":"https:\/\/kuestenimmo.demo-on.de\/","name":"K\u00fcsten Immobilien Dangast","description":"","publisher":{"@id":"https:\/\/kuestenimmo.demo-on.de\/#organization"},"potentialAction":[{"@type":"SearchAction","target":{"@type":"EntryPoint","urlTemplate":"https:\/\/kuestenimmo.demo-on.de\/?s={search_term_string}"},"query-input":"required name=search_term_string"}],"inLanguage":"de"},{"@type":"Organization","@id":"https:\/\/kuestenimmo.demo-on.de\/#organization","name":"K\u00fcsten Immobilien Dangast","url":"https:\/\/kuestenimmo.demo-on.de\/","logo":{"@type":"ImageObject","inLanguage":"de","@id":"https:\/\/kuestenimmo.demo-on.de\/#\/schema\/logo\/image\/","url":"https:\/\/www.kuestenimmobilien.com\/immobilien\/wp-content\/uploads\/2023\/06\/Logo_Kuestenimmobilien_2_Positiv.svg","contentUrl":"https:\/\/www.kuestenimmobilien.com\/immobilien\/wp-content\/uploads\/2023\/06\/Logo_Kuestenimmobilien_2_Positiv.svg","caption":"K\u00fcsten Immobilien Dangast"},"image":{"@id":"https:\/\/kuestenimmo.demo-on.de\/#\/schema\/logo\/image\/"}}]}},"_links":{"self":[{"href":"https:\/\/www.kuestenimmobilien.com\/immobilien\/wp-json\/wp\/v2\/pages\/102"}],"collection":[{"href":"https:\/\/www.kuestenimmobilien.com\/immobilien\/wp-json\/wp\/v2\/pages"}],"about":[{"href":"https:\/\/www.kuestenimmobilien.com\/immobilien\/wp-json\/wp\/v2\/types\/page"}],"author":[{"embeddable":true,"href":"https:\/\/www.kuestenimmobilien.com\/immobilien\/wp-json\/wp\/v2\/users\/1"}],"replies":[{"embeddable":true,"href":"https:\/\/www.kuestenimmobilien.com\/immobilien\/wp-json\/wp\/v2\/comments?post=102"}],"version-history":[{"count":30,"href":"https:\/\/www.kuestenimmobilien.com\/immobilien\/wp-json\/wp\/v2\/pages\/102\/revisions"}],"predecessor-version":[{"id":10179,"href":"https:\/\/www.kuestenimmobilien.com\/immobilien\/wp-json\/wp\/v2\/pages\/102\/revisions\/10179"}],"wp:attachment":[{"href":"https:\/\/www.kuestenimmobilien.com\/immobilien\/wp-json\/wp\/v2\/media?parent=102"}],"curies":[{"name":"wp","href":"https:\/\/api.w.org\/{rel}","templated":true}]}}